{"id":1209,"date":"2020-03-06T11:23:06","date_gmt":"2020-03-06T10:23:06","guid":{"rendered":"https:\/\/www.daniaconnect.dk\/kontakt\/"},"modified":"2026-02-05T16:01:49","modified_gmt":"2026-02-05T15:01:49","slug":"contact","status":"publish","type":"page","link":"https:\/\/www.daniaconnect.dk\/en\/contact\/","title":{"rendered":"Contact"},"content":{"rendered":"","protected":false},"excerpt":{"rendered":"","protected":false},"author":2,"featured_media":0,"parent":0,"menu_order":0,"comment_status":"closed","ping_status":"closed","template":"views\/template-contact.blade.php","meta":{"_seopress_robots_primary_cat":"","_seopress_titles_title":"","_seopress_titles_desc":"","_seopress_robots_index":"","inline_featured_image":false,"footnotes":""},"class_list":["post-1209","page","type-page","status-publish","hentry"],"app_templates_calculator_top_banner_title":"","app_templates_calculator_top_banner_pretitle":"","app_templates_calculator_top_banner_subtitle":"","app_templates_calculator_top_banner_cta":{"value":"","url":"","anchor":"","blank":0},"app_templates_calculator_top_banner_cta_secondary":{"value":"","url":"","anchor":"","blank":0},"app_templates_calculator_top_banner_image":"","app_templates_calculator_top_banner_background_video":"","app_templates_calculator_top_banner_video":"","app_templates_calculator_top_banner_video_cta":"","app_templates_calculator_top_banner_bg_position":"center","app_templates_calculator_guide_title":"","app_templates_calculator_guide_body":"","app_templates_contact_top_banner_title":"We are here, there and on every road ...","app_templates_contact_top_banner_pretitle":"CONTACT","app_templates_contact_top_banner_subtitle":"","app_templates_contact_top_banner_cta":{"value":"","url":"","anchor":"","blank":"0"},"app_templates_contact_top_banner_cta_secondary":{"value":"","url":"","anchor":"","blank":"0"},"app_templates_contact_top_banner_image":"312","app_templates_contact_top_banner_background_video":"","app_templates_contact_top_banner_video":"","app_templates_contact_top_banner_video_cta":"","app_templates_contact_top_banner_bg_position":"center","app_templates_contact_tabs_show":true,"app_templates_contact_tabs_tabs":[{"_type":"_","title":"DANIA Connect AS (DK)","sections":[{"_type":"modules","modules":[{"_type":"grid","background":"texture-primary","button":{"value":"","url":"","anchor":"","blank":"0"},"title":"Key phone numbers","description":" ","items":[{"_type":"_","label":"MAIN NUMBER","link":{"value":"","url":"tel:89316500","anchor":"Tlf. 89316500","blank":"0"},"heading":false},{"_type":"_","label":"Sales","link":{"value":"","url":"tel:89316510","anchor":"Tlf. 89316510","blank":"0"},"heading":false},{"_type":"_","label":"CUSTOMER SERVICE","link":{"value":"","url":"tel:89316520","anchor":"Tlf. 89316520","blank":"0"},"heading":false},{"_type":"_","label":"BOOKING JUSTLAND & FUNEN","link":{"value":"","url":"tel:89316511","anchor":"Tlf. 89316511","blank":"0"},"heading":false},{"_type":"_","label":"BOOKING ZEALAND","link":{"value":"","url":"tel:89316514","anchor":"Tlf. 89316514","blank":"0"},"heading":false},{"_type":"_","label":"FINANCE & ADMINISTRATION","link":{"value":"","url":"tel:89316540","anchor":"Tlf. 89316540","blank":"0"},"heading":false}]}]},{"_type":"contact_info","name":"","address":"","zip_code":"","city":"","country":"","phone":"","phone_2":"","email":"","vat":"","location":{"value":"56.1428343,10.2322621","lat":"56.1428343","lng":"10.2322621","zoom":"10","address":"vandvejen 7"},"directions":"<strong>Instructions:<\/strong>\r\nThe entire area is fenced off and monitored 24 hours a day. On arrival, please contact the guard.","opening_hours":"<p class=\"p1\"><strong>Office opening hours:<\/strong><\/p>\r\n\r\n<table>\r\n<tbody>\r\n<tr>\r\n<td class=\"pr-1\">M\u00e5n till torsdag:<\/td>\r\n<td>08:00-17:00<\/td>\r\n<\/tr>\r\n<tr>\r\n<td class=\"pr-1\">Fredag:<\/td>\r\n<td>08:00-16:30<\/td>\r\n<\/tr>\r\n<\/tbody>\r\n<\/table>\r\n&nbsp;"},{"_type":"contact_sections","sections":[{"_type":"contact","sections":[{"_type":"_","title":"Sales","button":{"value":"","url":"","anchor":"","blank":"0"},"contact_info":[{"_type":"_","title":"+45 89316510","phone":"","mobile":"","email":"book@daniaconnect.dk"}],"contact_persons_title":"","contact_persons":[]},{"_type":"_","title":"","button":{"value":"","url":"","anchor":"","blank":"0"},"contact_info":[],"contact_persons_title":"","contact_persons":[{"_type":"_","name":"Thomas Hoegh","position":"Commercial Manager","phone":"+45 8931 6573","mobile":"","email":"tho@daniaconnect.dk"},{"_type":"_","name":"Ann-Sofie Greve True","position":"Sales Manager","phone":"+45 8931 6517","mobile":"","email":"agt@daniaconnect.dk"}]}]},{"_type":"contact","sections":[{"_type":"_","title":"Customer service","button":{"value":"","url":"","anchor":"","blank":"0"},"contact_info":[{"_type":"_","title":"","phone":"+45 8931 6520","mobile":"","email":""},{"_type":"_","title":"Jutland, Funen, abroad:","phone":"","mobile":"","email":"book@daniaconnect.dk"},{"_type":"_","title":"Zealand:","phone":"","mobile":"","email":"cphbook@daniaconnect.dk"}],"contact_persons_title":"","contact_persons":[]}]},{"_type":"contact","sections":[{"_type":"_","title":"Booking","button":{"value":"","url":"","anchor":"","blank":"0"},"contact_info":[{"_type":"_","title":"","phone":"+45 8931 6530","mobile":"","email":""},{"_type":"_","title":"Jutland North (incl. Aarhus)","phone":"+45 8931 6512","mobile":"","email":""},{"_type":"_","title":"Jutland South & Funen","phone":"+45 8931 6513","mobile":"","email":""},{"_type":"_","title":"Zealand","phone":"+45 8931 6514","mobile":"","email":""},{"_type":"_","title":"Abroad","phone":"+45 8931 6529","mobile":"","email":""}],"contact_persons_title":"Outside normal opening hours (08:00-17:00)","contact_persons":[{"_type":"_","name":"John Kirkegaard Nielsen","position":"Operation Manager","phone":"+45 8931 6528","mobile":"","email":""},{"_type":"_","name":"Jesper Graff Nielsen","position":"Operation Manager","phone":"+45 8931 6559","mobile":"","email":""}]}]},{"_type":"contact","sections":[{"_type":"_","title":"Finance & administration","button":{"value":"","url":"","anchor":"","blank":"0"},"contact_info":[{"_type":"_","title":"","phone":"+45 8931 6540","mobile":"","email":"dania@daniaconnect.dk"}],"contact_persons_title":"","contact_persons":[{"_type":"_","name":"Ole Ostenfeldt Mathiesen","position":"CFO","phone":"+45 2045 9991","mobile":"","email":"oom@daniaconnect.dk"}]}]},{"_type":"contact","sections":[{"_type":"_","title":"Operation and Fleet","button":{"value":"","url":"","anchor":"","blank":"0"},"contact_info":[],"contact_persons_title":"","contact_persons":[{"_type":"_","name":"Lars S\u00f8rensen","position":"COO","phone":"+45 4880 1886","mobile":"","email":"lso@daniaconnect.dk"}]}]},{"_type":"contact","sections":[{"_type":"_","title":"Management","button":{"value":"","url":"","anchor":"","blank":"0"},"contact_info":[],"contact_persons_title":"","contact_persons":[{"_type":"_","name":"Frank Hjortek\u00e6r-Jensen","position":"Group CEO","phone":"+45 8931 6500","mobile":"","email":"fhj@daniaconnect.dk"},{"_type":"_","name":"Mads Johnsen H\u00f8j","position":"CCO & VP","phone":"+45 2061 6486","mobile":"","email":"mjh@daniaconnect.dk"}]}]}]}]},{"_type":"_","title":"DANIA Connect AB (SV)","sections":[{"_type":"contact_info","name":"Dania Connect AB","address":"Oceangatan 3","zip_code":"252 25","city":"Helsingborg","country":"Sverige","phone":"042-600 22 14","phone_2":"","email":"","vat":"","location":{"value":"56.0381559,12.6944403","lat":"56.0381559","lng":"12.6944403","zoom":"10","address":"Oceangatan 3 252 25"},"directions":"","opening_hours":"<p class=\"p1\"><strong>Office opening hours:<\/strong><\/p>\r\n\r\n<table>\r\n<tbody>\r\n<tr>\r\n<td class=\"pr-1\">Mon to thursday:<\/td>\r\n<td>08:00-17:00<\/td>\r\n<\/tr>\r\n<tr>\r\n<td class=\"pr-1\">Friday:<\/td>\r\n<td>08:00-16:30<\/td>\r\n<\/tr>\r\n<\/tbody>\r\n<\/table>"},{"_type":"contact_sections","sections":[{"_type":"contact","sections":[{"_type":"_","title":"Sales","button":{"value":"","url":"https:\/\/id.hogia.se\/#\/","anchor":"Pris","blank":"0"},"contact_info":[{"_type":"_","title":"","phone":"","mobile":"","email":"sales@daniaconnect.se"}],"contact_persons_title":"","contact_persons":[]},{"_type":"_","title":"","button":{"value":"","url":"","anchor":"","blank":"0"},"contact_info":[],"contact_persons_title":"","contact_persons":[{"_type":"_","name":"Roy Hayward","position":"Sales","phone":"+46 31 275 77 11","mobile":"+46 73 436 39 05","email":"rha@daniaconnect.se"}]},{"_type":"_","title":"","button":{"value":"","url":"","anchor":"","blank":"0"},"contact_info":[],"contact_persons_title":"","contact_persons":[{"_type":"_","name":"Max Krook","position":"Sales","phone":"+46 31 375 77 56","mobile":"+46 733 70 25 37","email":"mkr@daniaconnect.se"}]}]},{"_type":"contact","sections":[{"_type":"_","title":"Admin \/ Ekonomi","button":{"value":"","url":"","anchor":"","blank":"0"},"contact_info":[{"_type":"_","title":"","phone":"+46 31 375 77 06","mobile":"","email":"admin.segot@daniaconnect.se"}],"contact_persons_title":"","contact_persons":[]},{"_type":"_","title":"","button":{"value":"","url":"","anchor":"","blank":"0"},"contact_info":[],"contact_persons_title":"","contact_persons":[{"_type":"_","name":"Ingela Holmqvist","position":"","phone":"+46 31 375 77 36","mobile":"+46 733-25 67 07","email":"iho@daniaconnect.se"},{"_type":"_","name":"","position":"","phone":"","mobile":"","email":""}]},{"_type":"_","title":"","button":{"value":"","url":"","anchor":"","blank":"0"},"contact_info":[],"contact_persons_title":"","contact_persons":[{"_type":"_","name":"Linda Karlsson","position":"","phone":"+46 31 375 77 44","mobile":"+46 704 39 16 18","email":"lka@daniaconnect.se"}]},{"_type":"_","title":"","button":{"value":"","url":"","anchor":"","blank":"0"},"contact_info":[],"contact_persons_title":"","contact_persons":[{"_type":"_","name":"Mikael Hallberg","position":"CFO","phone":"+46 42 600 22 02","mobile":"+46 709 52 22 62","email":"mha@daniaconnect.se"}]},{"_type":"_","title":"","button":{"value":"","url":"","anchor":"","blank":"0"},"contact_info":[],"contact_persons_title":"","contact_persons":[{"_type":"_","name":"Bengt Halvarsson","position":"Equipment","phone":"+46 31 375 77 31","mobile":"+46 733 25 67 01","email":"beha@daniaconnect.se"}]},{"_type":"_","title":"","button":{"value":"","url":"","anchor":"","blank":"0"},"contact_info":[],"contact_persons_title":"","contact_persons":[{"_type":"_","name":"Madeleine Sj\u00f6gren","position":"Ekonomi\/L\u00f6n\/HR","phone":"+46 42 600 22 03","mobile":"+46 791 43 10 45","email":"msj@daniaconnect.se"}]},{"_type":"_","title":"","button":{"value":"","url":"","anchor":"","blank":"0"},"contact_info":[],"contact_persons_title":"","contact_persons":[{"_type":"_","name":"Peter Dieden","position":"Equipment","phone":"+46 42 600 22 20","mobile":"+46 791 43 10 43","email":"pdi@daniaconnect.se"}]}]},{"_type":"contact","sections":[{"_type":"_","title":"G\u00f6teborg","button":{"value":"","url":"","anchor":"","blank":"0"},"contact_info":[{"_type":"_","title":"Chassi G\u00f6teborg","phone":"+46 31 375 77 02","mobile":"","email":"chassi.got@daniaconnect.se"},{"_type":"_","title":"Lokalt G\u00f6teborg","phone":"+46 31 375 77 04","mobile":"","email":"lokalt.got@daniaconnect.se"},{"_type":"_","title":"Sima G\u00f6teborg","phone":"+46 31 375 77 04","mobile":"","email":"sima.got@daniaconnect.se"},{"_type":"_","title":"Rail","phone":"+46 31 375 77 05","mobile":"","email":"rail.got@daniaconnect.se"}],"contact_persons_title":"","contact_persons":[{"_type":"_","name":"Fredrik Hansson","position":"Chassi","phone":"+46 31375 77 32","mobile":"+46 733 25 67 02","email":"fha@daniaconnect.se"},{"_type":"_","name":"Fredrik Lidarp","position":"Chassi","phone":"+46 31 375 77 55","mobile":"+46 733 25 67 04","email":"fli@daniaconnect.se"},{"_type":"_","name":"Henrik Vogl","position":"Chassi","phone":"+46 31 375 77 33","mobile":"+46 709 47 98 04","email":"hvo@daniaconnect.se"},{"_type":"_","name":"Johan Brommeson","position":"Chassi","phone":"+46 31 375 77 62","mobile":"+46 709 81 97 13","email":"jbr@daniaconnect.se"},{"_type":"_","name":"Jonas H\u00f6gberg","position":"Chassi","phone":"+46 31 375 77 53","mobile":"+46 733 25 69 03","email":"jho@daniaconnect.se"},{"_type":"_","name":"Julius Eriksson","position":"Chassi","phone":"+46 31 375 77 63","mobile":"","email":"jer@daniaconnect.se"},{"_type":"_","name":"Beata Lazurek","position":"Chassi Lokalt","phone":"+46 31 375 77 43","mobile":"+46 733 25 67 18","email":"bla@daniaconnect.se"},{"_type":"_","name":"Patrik Nehvonen","position":"Chassi Lokalt","phone":"+46 31 375 77 47","mobile":"+46 733 25 69 01","email":"pne@daniaconnect.se"},{"_type":"_","name":"Andreas Bergstr\u00f6m","position":"Sima","phone":"+46 31 375 77 41","mobile":"+46 725 89 03 26","email":"abe@daniaconnect.se"},{"_type":"_","name":"Gunnar Roberger","position":"Sima","phone":"+46 31 375 77 49","mobile":"+46 733 25 67 19","email":"gro@daniaconnect.se"},{"_type":"_","name":"Douglas Krook","position":"Operation Manager Truck","phone":"+46 31 375 77 34","mobile":"+46 708 92 34 27","email":"dkr@daniaconnect.se"},{"_type":"_","name":"Jan Str\u00e5e","position":"Department Manager Truck","phone":"+46 31 375 77 50","mobile":"+46 721 64 53 19","email":"jst@daniaconnect.se"},{"_type":"_","name":"Bj\u00f6rn Hanegren","position":"Intermodal","phone":"+46 31 375 77 35","mobile":"+46 790 66 45 94","email":"bha@daniaconnect.se"},{"_type":"_","name":"Chatarina J\u00f6nsson","position":"Intermodal","phone":"+46 31 375 77 45","mobile":"+46 701 90 14 51","email":"cjo@daniaconnect.se"},{"_type":"_","name":"Jens Th\u00f6rner","position":"Intermodal","phone":"+46 31 375 77 42","mobile":"+46 733 25 67 12","email":"jeth@daniaconnect.se"},{"_type":"_","name":"Jonas Nilsson","position":"Production Manager Intermodal","phone":"+46 31 375 77 52","mobile":"+46 733 25 67 20","email":"jni@daniaconnect.se"},{"_type":"_","name":"Alexander Barbosa Granl\u00f6f ","position":"Operation Manager Intermodal","phone":"+46 31 375 77 54","mobile":"+46 733 25 67 11","email":"agr@daniaconnect.se"},{"_type":"_","name":"Markus Ekwall","position":"Department Manager Intermodal","phone":"+46 31 375 77 59","mobile":"+46 733 25 67 14","email":"mek@daniaconnect.se"},{"_type":"_","name":"Kristin Johannesson","position":"Intermodal","phone":"+46 31 375 77 30","mobile":"+46 791 43 10 50","email":"kjo@daniaconnect.se"},{"_type":"_","name":"Rickard Linden","position":"Intermodal","phone":"+46 31 375 77 51","mobile":"+46 76 869 54 19","email":"rli@daniaconnect.se"}]}]},{"_type":"contact","sections":[{"_type":"_","title":"Helsingborg","button":{"value":"","url":"","anchor":"","blank":"0"},"contact_info":[{"_type":"_","title":"Chassi Helsingborg","phone":"+46 42 600 22 14","mobile":"","email":"chassi.hel@daniaconnect.se"},{"_type":"_","title":"Sima Helsingborg","phone":"+46 42 600 22 15","mobile":"","email":"sima.hel@daniaconnect.se"},{"_type":"_","title":"Tank","phone":"+46 42 600 22 16","mobile":"","email":"tank@daniaconnect.se"}],"contact_persons_title":"","contact_persons":[{"_type":"_","name":"Dino Cordic","position":"Chassi","phone":"+46 42 600 22 07","mobile":"+46 733 25 68 02","email":""},{"_type":"_","name":"Simon Alm","position":"Chassi","phone":"+46 42 600 22 06","mobile":"+46 709 11 16 90","email":"sal@daniaconnect.se"},{"_type":"_","name":"Erik Andersson","position":"Operation Manager Chassi","phone":"+46 42 600 22 05","mobile":"+46 723 53 98 59","email":"ean@daniaconnect.se"},{"_type":"_","name":"Karl-Johan Swensson","position":"Sima","phone":"+46 42 600 22 12","mobile":"+46 708 22 79 30","email":"ksw@daniaconnect.se"},{"_type":"_","name":"H\u00e5kan Hallstr\u00f6m","position":"Sima","phone":"+46 42 600 22 13","mobile":"+46 705 98 84 76","email":"hha@daniaconnect.se"},{"_type":"_","name":"Johanna Theander","position":"Tank","phone":"+46 42 600 22 09","mobile":"+46 766 95 04 74","email":"\tjth@daniaconnect.se"},{"_type":"_","name":"Sarah Holm\u00e9r","position":"Tank\/H\u00f6gan\u00e4s","phone":"+46 42 600 22 08","mobile":"+46 708 22 78 14","email":"sho@daniaconnect.se"},{"_type":"_","name":"Anna Hallenheim","position":"Administration","phone":"+46 42 600 22 10","mobile":"+46 721 82 96 42","email":"aha@daniaconnect.se"},{"_type":"_","name":"Linus Molin","position":"Department Manager","phone":"+46 42 600 22 04","mobile":"+46 733 42 44 26 ","email":"lmo@daniaconnect.se"},{"_type":"_","name":"Alexander Olsson","position":"Chassi","phone":"+46 42 600 22 17","mobile":"+46 791 43 10 42 ","email":"aol@daniaconnect.se"}]}]},{"_type":"contact","sections":[{"_type":"_","title":"Stockholm","button":{"value":"","url":"","anchor":"","blank":"0"},"contact_info":[{"_type":"_","title":"Chassi Stockholm","phone":"+46 8 449 55 30","mobile":"","email":"chassi.sto@daniaconnect.se"},{"_type":"_","title":"Sima Stockholm","phone":"+46 8 449 55 30","mobile":"","email":"sima.sto@daniaconnect.se"},{"_type":"_","title":"Chassi Norrk\u00f6ping","phone":"+46 8 449 55 30","mobile":"","email":"chassi.nrk@daniaconnect.se"},{"_type":"_","title":"Sima Norrk\u00f6ping","phone":"+46 8 449 55 30","mobile":"","email":"sima.nrk@daniaconnect.se"}],"contact_persons_title":"","contact_persons":[{"_type":"_","name":"Leif Blomerus","position":"Chassi \/ Sima","phone":"+46 8 449 55 31","mobile":"+46 733 90 95 36","email":"lbl@daniaconnect.se"},{"_type":"_","name":"Norbert Moricz","position":"Chassi \/ Sima","phone":"+46 8 449 55 32","mobile":"+46 701 90 14 77","email":"nmo@daniaconnect.se"},{"_type":"_","name":"Kenneth Almstedt","position":"Department Manager","phone":"+46 8 449 55 31","mobile":"+46 733 90 95 36","email":"kal@daniaconnect.se"}]}]},{"_type":"contact","sections":[{"_type":"_","title":"Kombiterminaler","button":{"value":"","url":"","anchor":"","blank":"0"},"contact_info":[{"_type":"_","title":"Helsingborgs Kombiterminal","phone":"\t+46 42 600 22 27","mobile":"","email":"dryport.sehel@daniaconnect.se"},{"_type":"_","title":"Katrineholms Kombiterminal","phone":"+46 150 36 35 77","mobile":"+46 722 34 27 67","email":"dryport.sekam@daniaconnect.se"}],"contact_persons_title":"","contact_persons":[{"_type":"_","name":"Timmie Rasmussen","position":"Operations - Helsingborg","phone":"+46 42 600 22 26","mobile":"+46 791 43 10 92","email":"tra@daniaconnect.se"},{"_type":"_","name":"Getoar Gashi","position":"Department Manager","phone":"+46 42 600 22 42","mobile":"+46 731 44 65 42","email":"gga@daniaconnect.se"},{"_type":"_","name":"Mattias Guthammar","position":"Terminal Manager Katrineholm","phone":"+46 150 36 35 79","mobile":"+46 730 91 69 00","email":"mgu@daniaconnect.se"}]}]},{"_type":"contact","sections":[{"_type":"_","title":"","button":{"value":"","url":"","anchor":"","blank":"0"},"contact_info":[],"contact_persons_title":"","contact_persons":[{"_type":"_","name":"Mikael Andersson","position":"CEO","phone":"+42 600 22 01","mobile":"+46 70 598 84 78","email":"man@daniaconnect.se"}]}]}]}]}],"app_templates_contact_modules_modules":[{"_type":"grid","background":"texture-primary","button":{"value":"","url":"","anchor":"","blank":"0"},"title":"Kontaktuppgifter","description":" ","items":[]}],"app_templates_contact_contact_info_html":"","app_templates_contact_contact_info_location":{"value":"56.0777603,12.7314918","lat":"56.0777603","lng":"12.7314918","zoom":"14","address":"Garnisonsgatan 23"},"app_templates_contact_contact_info_directions":"","app_templates_contact_contact_info_opening_hours":"<p class=\"p1\"><strong>Kontorets\r\n\u00f6ppettider:<\/strong><\/p>\r\n\r\n<table style=\"height: 62px;\" width=\"304\">\r\n<tbody>\r\n<tr>\r\n<td class=\"pr-1\">M\u00e5ndag till fredag :<\/td>\r\n<td>08:00-16:30<\/td>\r\n<\/tr>\r\n<tr>\r\n<td class=\"pr-1\"><\/td>\r\n<td><\/td>\r\n<\/tr>\r\n<\/tbody>\r\n<\/table>\r\n&nbsp;","app_templates_contact_payment_info_bank":"","app_templates_contact_payment_info_payments":[],"app_templates_contact_job_info_title":"","app_templates_contact_job_info_text":"","app_templates_contact_job_info_text_secondary":"","app_templates_contact_contact_sections_sections":[{"_type":"contact","sections":[{"_type":"_","title":"Sales","button":{"value":"","url":"https:\/\/id.hogia.se\/#\/","anchor":"Pris","blank":"0"},"contact_info":[{"_type":"_","title":"","phone":"","mobile":"","email":"sales@daniaconnect.se"}],"contact_persons_title":"","contact_persons":[]},{"_type":"_","title":"","button":{"value":"","url":"","anchor":"","blank":"0"},"contact_info":[],"contact_persons_title":"","contact_persons":[{"_type":"_","name":"Stefan Bergstr\u00f6m","position":"Sales Manager","phone":"+46 31 375 77 57","mobile":"+46 733 86 57 19","email":"sbe@daniaconnect.se"}]},{"_type":"_","title":"","button":{"value":"","url":"","anchor":"","blank":"0"},"contact_info":[],"contact_persons_title":"","contact_persons":[{"_type":"_","name":"Max Krook","position":"Sales","phone":"+46 31 375 77 56","mobile":"+46 733 70 25 37","email":"mko@daniaconnect.se"}]}]},{"_type":"contact","sections":[{"_type":"_","title":"Admin \/ Ekonomi","button":{"value":"","url":"","anchor":"","blank":"0"},"contact_info":[{"_type":"_","title":"","phone":"+46 31 375 77 06","mobile":"","email":"admin.segot@daniaconnect.se"}],"contact_persons_title":"","contact_persons":[]},{"_type":"_","title":"","button":{"value":"","url":"","anchor":"","blank":"0"},"contact_info":[],"contact_persons_title":"","contact_persons":[{"_type":"_","name":"Ingela Holmqvist","position":"","phone":"+46 31 375 77 36","mobile":"+46 733-25 67 07","email":"iho@daniaconnect.se"}]},{"_type":"_","title":"","button":{"value":"","url":"","anchor":"","blank":"0"},"contact_info":[],"contact_persons_title":"","contact_persons":[{"_type":"_","name":"Ing-Marie P\u00e5lsson","position":"","phone":"+46 31 375 77 38","mobile":"+46 733 25 67 08","email":"ipa@daniaconnect.se"}]},{"_type":"_","title":"","button":{"value":"","url":"","anchor":"","blank":"0"},"contact_info":[],"contact_persons_title":"","contact_persons":[{"_type":"_","name":"Linda Karlsson","position":"","phone":"+46 31 375 77 44","mobile":"+46 704 39 16 18","email":"lka@daniaconnect.se"}]},{"_type":"_","title":"","button":{"value":"","url":"","anchor":"","blank":"0"},"contact_info":[],"contact_persons_title":"","contact_persons":[{"_type":"_","name":"Mikael Hallberg","position":"CFO","phone":"+46 42 600 22 02","mobile":"+46 709 52 22 62","email":"mha@daniaconnect.se"}]},{"_type":"_","title":"","button":{"value":"","url":"","anchor":"","blank":"0"},"contact_info":[],"contact_persons_title":"","contact_persons":[{"_type":"_","name":"Bengt Halvarsson","position":"Equipment","phone":"+46 31 375 77 31","mobile":"+46 733 25 67 01","email":"beha@daniaconnect.se"}]}]},{"_type":"contact","sections":[{"_type":"_","title":"G\u00f6teborg","button":{"value":"","url":"","anchor":"","blank":"0"},"contact_info":[{"_type":"_","title":"Chassi G\u00f6teborg","phone":"+46 31 375 77 02","mobile":"","email":"chassi.got@daniaconnect.se"},{"_type":"_","title":"Lokalt G\u00f6teborg","phone":"+46 31 375 77 04","mobile":"","email":"lokalt.got@daniaconnect.se"},{"_type":"_","title":"Sima G\u00f6teborg","phone":"+46 31 375 77 04","mobile":"","email":"sima.got@daniaconnect.se"},{"_type":"_","title":"Rail","phone":"+46 31 375 77 05","mobile":"","email":"rail.got@daniaconnect.se"}],"contact_persons_title":"","contact_persons":[{"_type":"_","name":"Fredrik Hansson","position":"Chassi","phone":"+46 31375 77 32","mobile":"+46 733 25 67 02","email":"fha@daniaconnect.se"},{"_type":"_","name":"Fredrik Lidarp","position":"Chassi","phone":"+46 31 375 77 55","mobile":"+46 733 25 67 04","email":"fli@daniaconnect.se"},{"_type":"_","name":"Henrik Vogl","position":"Chassi","phone":"+46 31 375 77 33","mobile":"+46 709 47 98 04","email":"hvo@daniaconnect.se"},{"_type":"_","name":"Johan Brommeson","position":"Chassi","phone":"+46 31 375 77 62","mobile":"+46 709 81 97 13","email":"jbr@daniaconnect.se"},{"_type":"_","name":"Jonas H\u00f6gberg","position":"Chassi","phone":"+46 31 375 77 53","mobile":"+46 733 25 69 03","email":"jho@daniaconnect.se"},{"_type":"_","name":"Julius Eriksson","position":"Chassi","phone":"+46 31 375 77 63","mobile":"","email":"jer@daniaconnect.se"},{"_type":"_","name":"Beata Lazurek","position":"Chassi Lokalt","phone":"+46 31 375 77 43","mobile":"+46 733 25 67 18","email":"bla@daniaconnect.se"},{"_type":"_","name":"Patrik Nehvonen","position":"Chassi Lokalt","phone":"+46 31 375 77 47","mobile":"+46 733 25 69 01","email":"pne@daniaconnect.se"},{"_type":"_","name":"Andreas Bergstr\u00f6m","position":"Sima","phone":"+46 31 375 77 41","mobile":"+46 725 89 03 26","email":"abe@daniaconnect.se"},{"_type":"_","name":"Gunnar Roberger","position":"Sima","phone":"+46 31 375 77 49","mobile":"+46 733 25 67 19","email":"gro@daniaconnect.se"},{"_type":"_","name":"Douglas Krook","position":"Operation Manager Truck","phone":"+46 31 375 77 34","mobile":"+46 708 92 34 27","email":"dkr@daniaconnect.se"},{"_type":"_","name":"Jan Str\u00e5e","position":"Department Manager Truck","phone":"+46 31 375 77 50","mobile":"+46 721 64 53 19","email":"jst@daniaconnect.se"},{"_type":"_","name":"Bj\u00f6rn Hanegren","position":"Intermodal","phone":"+46 31 375 77 35","mobile":"+46 790 66 45 94","email":"bha@daniaconnect.se"},{"_type":"_","name":"Christel Gullholm","position":"Intermodal","phone":"+46 31 375 77 46","mobile":"+46 733 25 67 13","email":""}]}]}],"app_templates_modules_top_banner_title":"","app_templates_modules_top_banner_pretitle":"","app_templates_modules_top_banner_subtitle":"","app_templates_modules_top_banner_cta":{"value":"","url":"","anchor":"","blank":0},"app_templates_modules_top_banner_cta_secondary":{"value":"","url":"","anchor":"","blank":0},"app_templates_modules_top_banner_image":"","app_templates_modules_top_banner_background_video":"","app_templates_modules_top_banner_video":"","app_templates_modules_top_banner_video_cta":"","app_templates_modules_top_banner_bg_position":"center","app_templates_modules_modules_modules":[],"app_templates_privacy_policy_top_banner_title":"","app_templates_privacy_policy_top_banner_pretitle":"","app_templates_privacy_policy_top_banner_subtitle":"","app_templates_privacy_policy_top_banner_cta":{"value":"","url":"","anchor":"","blank":0},"app_templates_privacy_policy_top_banner_cta_secondary":{"value":"","url":"","anchor":"","blank":0},"app_templates_privacy_policy_top_banner_image":"","app_templates_privacy_policy_top_banner_background_video":"","app_templates_privacy_policy_top_banner_video":"","app_templates_privacy_policy_top_banner_video_cta":"","app_templates_privacy_policy_top_banner_bg_position":"center","_links":{"self":[{"href":"https:\/\/www.daniaconnect.dk\/en\/wp-json\/wp\/v2\/pages\/1209","targetHints":{"allow":["GET"]}}],"collection":[{"href":"https:\/\/www.daniaconnect.dk\/en\/wp-json\/wp\/v2\/pages"}],"about":[{"href":"https:\/\/www.daniaconnect.dk\/en\/wp-json\/wp\/v2\/types\/page"}],"author":[{"embeddable":true,"href":"https:\/\/www.daniaconnect.dk\/en\/wp-json\/wp\/v2\/users\/2"}],"replies":[{"embeddable":true,"href":"https:\/\/www.daniaconnect.dk\/en\/wp-json\/wp\/v2\/comments?post=1209"}],"version-history":[{"count":3,"href":"https:\/\/www.daniaconnect.dk\/en\/wp-json\/wp\/v2\/pages\/1209\/revisions"}],"predecessor-version":[{"id":1452,"href":"https:\/\/www.daniaconnect.dk\/en\/wp-json\/wp\/v2\/pages\/1209\/revisions\/1452"}],"wp:attachment":[{"href":"https:\/\/www.daniaconnect.dk\/en\/wp-json\/wp\/v2\/media?parent=1209"}],"curies":[{"name":"wp","href":"https:\/\/api.w.org\/{rel}","templated":true}]}}