{"id":891,"date":"2020-03-06T11:38:05","date_gmt":"2020-03-06T10:38:05","guid":{"rendered":"https:\/\/www.daniaconnect.dk\/statusmeddelelser\/"},"modified":"2020-03-06T11:38:05","modified_gmt":"2020-03-06T10:38:05","slug":"statusmeddelelser","status":"publish","type":"page","link":"https:\/\/www.daniaconnect.dk\/sv\/statusmeddelelser\/","title":{"rendered":"Statusmeddelelser"},"content":{"rendered":"","protected":false},"excerpt":{"rendered":"","protected":false},"author":2,"featured_media":0,"parent":0,"menu_order":0,"comment_status":"closed","ping_status":"closed","template":"views\/template-modules.blade.php","meta":{"_seopress_robots_primary_cat":"","_seopress_titles_title":"","_seopress_titles_desc":"","_seopress_robots_index":"","inline_featured_image":false,"footnotes":""},"class_list":["post-891","page","type-page","status-publish","hentry"],"app_templates_calculator_top_banner_title":"","app_templates_calculator_top_banner_pretitle":"","app_templates_calculator_top_banner_subtitle":"","app_templates_calculator_top_banner_cta":{"value":"","url":"","anchor":"","blank":0},"app_templates_calculator_top_banner_cta_secondary":{"value":"","url":"","anchor":"","blank":0},"app_templates_calculator_top_banner_image":"","app_templates_calculator_top_banner_background_video":"","app_templates_calculator_top_banner_video":"","app_templates_calculator_top_banner_video_cta":"","app_templates_calculator_top_banner_bg_position":"center","app_templates_calculator_guide_title":"","app_templates_calculator_guide_body":"","app_templates_contact_top_banner_title":"","app_templates_contact_top_banner_pretitle":"","app_templates_contact_top_banner_subtitle":"","app_templates_contact_top_banner_cta":{"value":"","url":"","anchor":"","blank":0},"app_templates_contact_top_banner_cta_secondary":{"value":"","url":"","anchor":"","blank":0},"app_templates_contact_top_banner_image":"","app_templates_contact_top_banner_background_video":"","app_templates_contact_top_banner_video":"","app_templates_contact_top_banner_video_cta":"","app_templates_contact_top_banner_bg_position":"center","app_templates_contact_tabs_show":false,"app_templates_contact_tabs_tabs":[],"app_templates_contact_modules_modules":[],"app_templates_contact_contact_info_html":"","app_templates_contact_contact_info_location":{"value":"40.346544,-101.645507","lat":40.346544,"lng":-101.645507,"zoom":10,"address":""},"app_templates_contact_contact_info_directions":"","app_templates_contact_contact_info_opening_hours":"","app_templates_contact_payment_info_bank":"","app_templates_contact_payment_info_payments":[],"app_templates_contact_job_info_title":"","app_templates_contact_job_info_text":"","app_templates_contact_job_info_text_secondary":"","app_templates_contact_contact_sections_sections":[],"app_templates_modules_top_banner_title":"V\u00e6r p\u00e5 forkant med begivenheder, der kan p\u00e5virke jeres forsendelser","app_templates_modules_top_banner_pretitle":"Statusmeddelelser","app_templates_modules_top_banner_subtitle":"","app_templates_modules_top_banner_cta":{"value":"","url":"","anchor":"","blank":"0"},"app_templates_modules_top_banner_cta_secondary":{"value":"","url":"","anchor":"","blank":"0"},"app_templates_modules_top_banner_image":"334","app_templates_modules_top_banner_background_video":"","app_templates_modules_top_banner_video":"","app_templates_modules_top_banner_video_cta":"","app_templates_modules_top_banner_bg_position":"center","app_templates_modules_modules_modules":[{"_type":"text_box","nav_id":"","background":"light","title":"Statusmeddelelser","subtitle":"","text":"Vi giver nu vores kunder og \u00f8vrige interessenter mulighed for at modtage hurtig information om aktuelle begivenheder, der potentielt kan p\u00e5virke vores og andre vognm\u00e6nds ydelser.\r\n\r\nDer vil v\u00e6re tale om generelle meddelelser om f.eks.:\r\n<ul>\r\n \t<li>forsinkelser af relevante oceanskibe<\/li>\r\n \t<li>lange ekspeditionstider p\u00e5 terminaler og depoter<\/li>\r\n \t<li>vejarbejde eller uheld som sp\u00e6rrer hovedindfaldsveje<\/li>\r\n \t<li>ekstraordin\u00e6re vejsituationer, f.eks. sne eller bl\u00e6st<\/li>\r\n<\/ul>\r\n- eller andre begivenheder, som kan p\u00e5virke vores leverancer.\r\n\r\nStatusmeddelelserne er t\u00e6nkt som en ekstra service til varemodtagere og afsenders pakhuse og lagre. Bliver specifikke containere ramt af aktuelle forsinkelser, vil kunden som altid f\u00e5 direkte information.","hide_padding":false,"padding_bottom":false,"extra_padding":false,"center_text":false},{"_type":"form","nav_id":"","title":"","shortcode":"[ninja_form id=3]","hide_padding":false},{"_type":"form","nav_id":"","title":"","shortcode":"[ninja_form id=4]","hide_padding":true},{"_type":"text_box","nav_id":"","background":"light","title":"","subtitle":"","text":"Du kan ogs\u00e5 tilmelde dig statusmeddelelser\u00a0ved at sende en mail til\u00a0<span id=\"cloakdb4042adcfc365525d701112c170d720\"><a href=\"mailto:dania@daniaconnect.dk\">dania@daniaconnect.dk<\/a><\/span>\u00a0og skrive \u201dstatus Jylland\/Fyn\u201d eller \u201dstatus Sj\u00e6lland\u201d\r\n\r\n&nbsp;\r\n\r\nVi forventer at udsende 0-2 mails per uge. Du kan altid framelde en mailadresse ved at sende en mail med emnet \u201dFrameld Statusmeddelelse\u201d til\u00a0<a href=\"mailto:dania@daniaconnect.dk\"><span id=\"cloakcb713a9f2229f295c8132354e8bf197f\">dania@daniaconnect.dk<\/span><\/a>","hide_padding":true,"padding_bottom":false,"extra_padding":false,"center_text":false},{"_type":"text_box","nav_id":"","background":"light","title":"","subtitle":"","text":"","hide_padding":false,"padding_bottom":false,"extra_padding":false,"center_text":false}],"app_templates_privacy_policy_top_banner_title":"","app_templates_privacy_policy_top_banner_pretitle":"","app_templates_privacy_policy_top_banner_subtitle":"","app_templates_privacy_policy_top_banner_cta":{"value":"","url":"","anchor":"","blank":0},"app_templates_privacy_policy_top_banner_cta_secondary":{"value":"","url":"","anchor":"","blank":0},"app_templates_privacy_policy_top_banner_image":"","app_templates_privacy_policy_top_banner_background_video":"","app_templates_privacy_policy_top_banner_video":"","app_templates_privacy_policy_top_banner_video_cta":"","app_templates_privacy_policy_top_banner_bg_position":"center","_links":{"self":[{"href":"https:\/\/www.daniaconnect.dk\/sv\/wp-json\/wp\/v2\/pages\/891","targetHints":{"allow":["GET"]}}],"collection":[{"href":"https:\/\/www.daniaconnect.dk\/sv\/wp-json\/wp\/v2\/pages"}],"about":[{"href":"https:\/\/www.daniaconnect.dk\/sv\/wp-json\/wp\/v2\/types\/page"}],"author":[{"embeddable":true,"href":"https:\/\/www.daniaconnect.dk\/sv\/wp-json\/wp\/v2\/users\/2"}],"replies":[{"embeddable":true,"href":"https:\/\/www.daniaconnect.dk\/sv\/wp-json\/wp\/v2\/comments?post=891"}],"version-history":[{"count":0,"href":"https:\/\/www.daniaconnect.dk\/sv\/wp-json\/wp\/v2\/pages\/891\/revisions"}],"wp:attachment":[{"href":"https:\/\/www.daniaconnect.dk\/sv\/wp-json\/wp\/v2\/media?parent=891"}],"curies":[{"name":"wp","href":"https:\/\/api.w.org\/{rel}","templated":true}]}}