{"id":896,"date":"2020-03-06T11:29:51","date_gmt":"2020-03-06T10:29:51","guid":{"rendered":"https:\/\/www.daniaconnect.dk\/services\/"},"modified":"2023-10-30T15:26:31","modified_gmt":"2023-10-30T14:26:31","slug":"produkter-tjanster","status":"publish","type":"page","link":"https:\/\/www.daniaconnect.dk\/sv\/produkter-tjanster\/","title":{"rendered":"Produkter &#038; tj\u00e4nster"},"content":{"rendered":"","protected":false},"excerpt":{"rendered":"","protected":false},"author":2,"featured_media":0,"parent":0,"menu_order":0,"comment_status":"closed","ping_status":"closed","template":"views\/template-modules.blade.php","meta":{"_seopress_robots_primary_cat":"","_seopress_titles_title":"","_seopress_titles_desc":"","_seopress_robots_index":"","inline_featured_image":false,"footnotes":""},"class_list":["post-896","page","type-page","status-publish","hentry"],"app_templates_calculator_top_banner_title":"","app_templates_calculator_top_banner_pretitle":"","app_templates_calculator_top_banner_subtitle":"","app_templates_calculator_top_banner_cta":{"value":"","url":"","anchor":"","blank":0},"app_templates_calculator_top_banner_cta_secondary":{"value":"","url":"","anchor":"","blank":0},"app_templates_calculator_top_banner_image":"","app_templates_calculator_top_banner_background_video":"","app_templates_calculator_top_banner_video":"","app_templates_calculator_top_banner_video_cta":"","app_templates_calculator_top_banner_bg_position":"center","app_templates_calculator_guide_title":"","app_templates_calculator_guide_body":"","app_templates_contact_top_banner_title":"","app_templates_contact_top_banner_pretitle":"","app_templates_contact_top_banner_subtitle":"","app_templates_contact_top_banner_cta":{"value":"","url":"","anchor":"","blank":0},"app_templates_contact_top_banner_cta_secondary":{"value":"","url":"","anchor":"","blank":0},"app_templates_contact_top_banner_image":"","app_templates_contact_top_banner_background_video":"","app_templates_contact_top_banner_video":"","app_templates_contact_top_banner_video_cta":"","app_templates_contact_top_banner_bg_position":"center","app_templates_contact_tabs_show":false,"app_templates_contact_tabs_tabs":[],"app_templates_contact_modules_modules":[],"app_templates_contact_contact_info_html":"","app_templates_contact_contact_info_location":{"value":"40.346544,-101.645507","lat":40.346544,"lng":-101.645507,"zoom":10,"address":""},"app_templates_contact_contact_info_directions":"","app_templates_contact_contact_info_opening_hours":"","app_templates_contact_payment_info_bank":"","app_templates_contact_payment_info_payments":[],"app_templates_contact_job_info_title":"","app_templates_contact_job_info_text":"","app_templates_contact_job_info_text_secondary":"","app_templates_contact_contact_sections_sections":[],"app_templates_modules_top_banner_title":"Ditt gods. V\u00e5ra lastbilar & t\u00e5g. En perfekt kombination.","app_templates_modules_top_banner_pretitle":"Produkter & tj\u00e4nster","app_templates_modules_top_banner_subtitle":"","app_templates_modules_top_banner_cta":{"value":"","url":"","anchor":"","blank":"0"},"app_templates_modules_top_banner_cta_secondary":{"value":"","url":"","anchor":"","blank":"0"},"app_templates_modules_top_banner_image":"313","app_templates_modules_top_banner_background_video":"","app_templates_modules_top_banner_video":"","app_templates_modules_top_banner_video_cta":"","app_templates_modules_top_banner_bg_position":"center","app_templates_modules_modules_modules":[{"_type":"intro_text","nav_id":"","subtitle":"","text":"P\u00e5 Dania Connect har vi en stor och m\u00e5ngsidig flotta av t\u00e5g, lastbilar och utrustning f\u00f6r att hantera din container.\r\n\r\nVi erbjuder transport av alla typer av sj\u00f6containers- och alltid i enlighet med g\u00e4llande lagstiftning, g\u00e4llande totalvikt, axellast och m\u00e5tt p\u00e5 lastbilst\u00e5get m.m.","page_links":[{"_type":"_","link":{"value":"","url":"#Chassitransporter","anchor":"Chassitransporter","blank":"0"}},{"_type":"_","link":{"value":"","url":"#Simatransporter","anchor":"Simatransporter","blank":"0"}},{"_type":"_","link":{"value":"","url":"#Tank","anchor":"Tank och bulk","blank":"0"}},{"_type":"_","link":{"value":"","url":"#farligt-gods","anchor":"Intermodalt","blank":"0"}},{"_type":"_","link":{"value":"","url":"#tip-chassis","anchor":" Kombiterminaler","blank":"0"}},{"_type":"_","link":{"value":"","url":"#projektlast","anchor":"Kontinenten","blank":"0"}},{"_type":"_","link":{"value":"","url":"#track-trace","anchor":"Track & Trace","blank":"0"}},{"_type":"_","link":{"value":"","url":"#on-time-delivery","anchor":"On-time-delivery","blank":"0"}}],"disable_parallax":false},{"_type":"text_image","nav_id":"Chassitransporter","layout":"container","background":"light","image_position":"order-1","text_valign":"align-items-start","push_image":"push-down","image":"203","title":"Chassitransporter","subtitle":"","text":"De flesta containrar, som inte har f\u00f6r stora dimensioner, \u00f6vervikt eller kr\u00e4ver kylning, transporteras p\u00e5 vanliga standardchassin (sl\u00e4p). P\u00e5 Dania Connect har vi en av landets st\u00f6rsta flottor av standardchassin och kan d\u00e4rf\u00f6r utf\u00f6ra din containertransport med b\u00e5de precision och flexibilitet.\r\n\r\nChassitransport \u00e4r en tidsbest\u00e4md tj\u00e4nst d\u00e4r du som kund kan boka en fast tid, oavsett om containern skall levereras ut i landet eller i n\u00e4rheten av de hamnar som vi opererar utifr\u00e5n.\r\n\r\nV\u00e5r flotta p\u00e5 350 fordon opererar i hela landet med utg\u00e5ngspunkt fr\u00e5n Sveriges st\u00f6rsta containerhamnar i s\u00f6dra och mellersta Sverige. Transportledning sk\u00f6ts fr\u00e5n v\u00e5ra kontor i G\u00f6teborg, Helsingborg och Stockholm.","button":{"value":"","url":"","anchor":"","blank":"0"},"no_space":false},{"_type":"text_image","nav_id":"Simatransporter","layout":"container","background":"white","image_position":"order-lg-3","text_valign":"align-items-start","push_image":"push-down","image":"211","title":"Simatransporter","subtitle":"","text":"Om dina containrar ska st\u00e4llas p\u00e5 marken p\u00e5 destinationen transporterar vi dem p\u00e5 n\u00e5gon av v\u00e5ra m\u00e5nga sidlastare. Vi har \u00e4ven sidlastare som kan transportera 45' containrar. F\u00f6r att hantera containrarna optimalt och med h\u00f6gsta m\u00f6jliga s\u00e4kerhet har alla v\u00e5ra sidlastarf\u00f6rare genomg\u00e5tt specialutbildning.\r\n\r\nV\u00e5ra 35 sidlastarekipage opererar i hela landet med utg\u00e5ngspunkt fr\u00e5n Sveriges st\u00f6rsta containerhamnar i s\u00f6dra och mellersta Sverige. Transportledning sk\u00f6ts fr\u00e5n v\u00e5ra kontor i G\u00f6teborg, Helsingborg och Stockholm.","button":{"value":"","url":"","anchor":"","blank":"0"},"no_space":false},{"_type":"text_image","nav_id":"Tank","layout":"container","background":"light","image_position":"order-1","text_valign":"align-items-start","push_image":"push-down","image":"1037","title":"Tank och bulktransporter","subtitle":"","text":"Tank &amp; bulktransport utf\u00f6rs med v\u00e5ra specialanpassade fordon och klarar idag samtliga ADR klasser.\r\n\r\nV\u00e5ra 20 tank &amp; bulk ekipage opererar fr\u00e5n G\u00f6teborg och Helsingborg. Transportledning sk\u00f6ts fr\u00e5n v\u00e5rt kontor i Helsingborg d\u00e4r v\u00e5r utbildade personal tar hand om era transporter.","button":{"value":"","url":"","anchor":"","blank":"0"},"no_space":false},{"_type":"text_image","nav_id":"farligt-gods","layout":"container","background":"white","image_position":"order-lg-3","text_valign":"align-items-start","push_image":"push-down","image":"1041","title":"Intermodalt","subtitle":"","text":"<div class=\"elementor-element elementor-element-cec43fe elementor-widget elementor-widget-spacer\" data-id=\"cec43fe\" data-element_type=\"widget\" data-widget_type=\"spacer.default\">\r\n<div class=\"elementor-widget-container widget-area\">\r\n<div class=\"elementor-spacer\">\r\n<div class=\"elementor-spacer-inner\"><span style=\"font-size: 1rem; letter-spacing: 0.055em;\">V\u00e5ra t\u00e5gpendlar \u00e4r ett klimatsmart, kostnadseffektivt, enkelt och snabbt alternativ d\u00e4r du som kund l\u00e4gger en bokning hos oss.<\/span><\/div>\r\n<\/div>\r\n<\/div>\r\n<\/div>\r\n<div class=\"elementor-element elementor-element-16f73b3 elementor-widget elementor-widget-text-editor\" data-id=\"16f73b3\" data-element_type=\"widget\" data-widget_type=\"text-editor.default\">\r\n<div class=\"elementor-widget-container widget-area\">\r\n\r\nVi tar hand om resten. Du som kund beh\u00f6ver inte g\u00f6ra n\u00e5gonting extra.\r\n\r\nGenom att anv\u00e4nda olika transports\u00e4tt kan vi utnyttja varje transports\u00e4tt p\u00e5 ett optimalt s\u00e4tt och minska kostnader och milj\u00f6p\u00e5verkan samtidigt som man \u00f6kar effektiviteten.\r\n\r\nMed eldrift till\/fr\u00e5n terminalerna, HVO100 fossilfri diesel till\/fr\u00e5n slutkund reducerar vi CO2 utsl\u00e4ppen med upp till 90%.\r\n\r\n<\/div>\r\n<\/div>","button":{"value":"","url":"","anchor":"","blank":"0"},"no_space":false},{"_type":"text_image","nav_id":"tip-chassis","layout":"container","background":"light","image_position":"order-1","text_valign":"align-items-start","push_image":"push-down","image":"1045","title":"Kombiterminaler","subtitle":"","text":"F\u00f6r att n\u00e5 v\u00e5ra nationella milj\u00f6m\u00e5l m\u00e5ste mer gods flyttas fr\u00e5n v\u00e4g till j\u00e4rnv\u00e4g. Vi \u00e4r f\u00f6rberedda genom att vi opererar tv\u00e5 terminaler i mycket expansiva regioner i Sverige, Helsingborg och Katrineholm.\r\n\r\nP\u00e5 kombiterminalerna utf\u00f6r vi lyft av trailers och containers fr\u00e5n lastbil till j\u00e4rnv\u00e4gsvagnar. Kombiterminalerna har ocks\u00e5 ytor f\u00f6r lagring av olika typer av gods.\r\n\r\nV\u00e5ra reachstackers \u00e4r utrustade med truckdatorer och vi kan \u00f6verf\u00f6ra informationen mellan de olika akt\u00f6rerna i transportkedjan digitalt. V\u00e5ra kombiterminaler har h\u00f6g s\u00e4kerhet med b\u00e5de kamera\u00f6vervakning och larmsystem. Vi erbjuder \u00e4ven dep\u00e5verksamhet.","button":{"value":"","url":"","anchor":"","blank":"0"},"no_space":false},{"_type":"text_image","nav_id":"projektlast","layout":"container","background":"white","image_position":"order-lg-3","text_valign":"align-items-start","push_image":"push-down","image":"1049","title":"Kontinenttransporter","subtitle":"","text":"Vi erbjuder transporter till och fr\u00e5n flertalet hamnar p\u00e5 kontinenten s\u00e5som Hamburg, Rotterdam och Antwerpen. Kontakta v\u00e5r <a href=\"mailto:sales@daniaconnect.se\">f\u00f6rs\u00e4ljningsavdelning<\/a> f\u00f6r priser och information.","button":{"value":"","url":"","anchor":"","blank":"0"},"no_space":false},{"_type":"text_image","nav_id":"track-trace","layout":"container","background":"light","image_position":"order-1","text_valign":"align-items-start","push_image":"push-down","image":"347","title":"Kundportaler","subtitle":"","text":"Dania Connects Track &amp; Trace-l\u00f6sning l\u00e5ter dig f\u00f6lja dina containrar hela v\u00e4gen fr\u00e5n terminal till d\u00f6rr.\r\n\r\nB\u00f6rja med att logga in p\u00e5 v\u00e5r <strong><a href=\"http:\/\/www.mymocore.com\">kundportal<\/a>.<\/strong> H\u00e4r kan du alltid hitta dina bokningar, oavsett hur ni har bokat, manuellt eller via EDI eller annan metod.\r\n\r\nS\u00e5 fort transporten har startat kan du f\u00f6lja enhetens position. Det l\u00e5ter dig b\u00e4ttre schemal\u00e4gga dina lagerpersonalresurser f\u00f6r att t\u00f6mma eller lasta containern.\r\n\r\nPris &amp; bokningsportal hittar ni <strong><a href=\"https:\/\/id.hogia.se\/#\/\">h\u00e4r<\/a><\/strong>. Vill ni ha tillg\u00e5ng till detta kontakta <a href=\"mailto:sales@daniaconnect.se\">Sales<\/a>.","button":{"value":"","url":"","anchor":"","blank":"0"},"no_space":false},{"_type":"text_image","nav_id":"on-time-delivery","layout":"edged","background":"white","image_position":"order-lg-3","text_valign":"align-items-start","push_image":"push-down","image":"345","title":"Leverans i tid","subtitle":"","text":"Vi planerar alla k\u00f6rningar noggrant f\u00f6r att s\u00e4kerst\u00e4lla st\u00f6rsta m\u00f6jliga precision i leveransen. Trots det kan det uppst\u00e5 f\u00f6rseningar som ligger utanf\u00f6r v\u00e5r kontroll, till exempel p\u00e5 grund av fel i containerstandarder eller p\u00e5 grund av k\u00f6er p\u00e5 v\u00e4gar eller terminaler.\r\n\r\nSom kund kommer du givetvis alltid att informeras om f\u00f6rseningar p\u00e5 en transport s\u00e5 fort en situation uppst\u00e5r.\r\n\r\nSamtidigt vill vi bidra till att alla akt\u00f6rer, inklusive rederier och terminaler, kan optimera sina funktioner och d\u00e4rigenom g\u00f6ra transportkedjan s\u00e5 effektiv som m\u00f6jligt. Vi dokumenterar d\u00e4rf\u00f6r alla f\u00f6rseningar med angivande av orsak. Efter \u00f6verenskommelse kan denna dokumentation anv\u00e4ndas av v\u00e5ra kunder i samband med rapportering till relevanta intressenter.","button":{"value":"","url":"","anchor":"","blank":"0"},"no_space":false}],"app_templates_privacy_policy_top_banner_title":"","app_templates_privacy_policy_top_banner_pretitle":"","app_templates_privacy_policy_top_banner_subtitle":"","app_templates_privacy_policy_top_banner_cta":{"value":"","url":"","anchor":"","blank":0},"app_templates_privacy_policy_top_banner_cta_secondary":{"value":"","url":"","anchor":"","blank":0},"app_templates_privacy_policy_top_banner_image":"","app_templates_privacy_policy_top_banner_background_video":"","app_templates_privacy_policy_top_banner_video":"","app_templates_privacy_policy_top_banner_video_cta":"","app_templates_privacy_policy_top_banner_bg_position":"center","_links":{"self":[{"href":"https:\/\/www.daniaconnect.dk\/sv\/wp-json\/wp\/v2\/pages\/896","targetHints":{"allow":["GET"]}}],"collection":[{"href":"https:\/\/www.daniaconnect.dk\/sv\/wp-json\/wp\/v2\/pages"}],"about":[{"href":"https:\/\/www.daniaconnect.dk\/sv\/wp-json\/wp\/v2\/types\/page"}],"author":[{"embeddable":true,"href":"https:\/\/www.daniaconnect.dk\/sv\/wp-json\/wp\/v2\/users\/2"}],"replies":[{"embeddable":true,"href":"https:\/\/www.daniaconnect.dk\/sv\/wp-json\/wp\/v2\/comments?post=896"}],"version-history":[{"count":50,"href":"https:\/\/www.daniaconnect.dk\/sv\/wp-json\/wp\/v2\/pages\/896\/revisions"}],"predecessor-version":[{"id":1185,"href":"https:\/\/www.daniaconnect.dk\/sv\/wp-json\/wp\/v2\/pages\/896\/revisions\/1185"}],"wp:attachment":[{"href":"https:\/\/www.daniaconnect.dk\/sv\/wp-json\/wp\/v2\/media?parent=896"}],"curies":[{"name":"wp","href":"https:\/\/api.w.org\/{rel}","templated":true}]}}