{"id":901,"date":"2020-03-06T11:22:53","date_gmt":"2020-03-06T10:22:53","guid":{"rendered":"https:\/\/www.daniaconnect.dk\/om-dania\/"},"modified":"2026-02-23T14:25:30","modified_gmt":"2026-02-23T13:25:30","slug":"om-dania","status":"publish","type":"page","link":"https:\/\/www.daniaconnect.dk\/sv\/om-dania\/","title":{"rendered":"Om Dania"},"content":{"rendered":"","protected":false},"excerpt":{"rendered":"","protected":false},"author":2,"featured_media":0,"parent":0,"menu_order":0,"comment_status":"closed","ping_status":"closed","template":"views\/template-modules.blade.php","meta":{"_seopress_robots_primary_cat":"","_seopress_titles_title":"","_seopress_titles_desc":"","_seopress_robots_index":"","inline_featured_image":false,"footnotes":""},"class_list":["post-901","page","type-page","status-publish","hentry"],"app_templates_calculator_top_banner_title":"","app_templates_calculator_top_banner_pretitle":"","app_templates_calculator_top_banner_subtitle":"","app_templates_calculator_top_banner_cta":{"value":"","url":"","anchor":"","blank":0},"app_templates_calculator_top_banner_cta_secondary":{"value":"","url":"","anchor":"","blank":0},"app_templates_calculator_top_banner_image":"","app_templates_calculator_top_banner_background_video":"","app_templates_calculator_top_banner_video":"","app_templates_calculator_top_banner_video_cta":"","app_templates_calculator_top_banner_bg_position":"center","app_templates_calculator_guide_title":"","app_templates_calculator_guide_body":"","app_templates_contact_top_banner_title":"","app_templates_contact_top_banner_pretitle":"","app_templates_contact_top_banner_subtitle":"","app_templates_contact_top_banner_cta":{"value":"","url":"","anchor":"","blank":0},"app_templates_contact_top_banner_cta_secondary":{"value":"","url":"","anchor":"","blank":0},"app_templates_contact_top_banner_image":"","app_templates_contact_top_banner_background_video":"","app_templates_contact_top_banner_video":"","app_templates_contact_top_banner_video_cta":"","app_templates_contact_top_banner_bg_position":"center","app_templates_contact_tabs_show":false,"app_templates_contact_tabs_tabs":[],"app_templates_contact_modules_modules":[],"app_templates_contact_contact_info_html":"","app_templates_contact_contact_info_location":{"value":"40.346544,-101.645507","lat":40.346544,"lng":-101.645507,"zoom":10,"address":""},"app_templates_contact_contact_info_directions":"","app_templates_contact_contact_info_opening_hours":"","app_templates_contact_payment_info_bank":"","app_templates_contact_payment_info_payments":[],"app_templates_contact_job_info_title":"","app_templates_contact_job_info_text":"","app_templates_contact_job_info_text_secondary":"","app_templates_contact_contact_sections_sections":[],"app_templates_modules_top_banner_title":"Hos Dania Connect g\u00f6r vi v\u00e4rlden mindre, v\u00e4gen kortare och transporten av sj\u00f6container mer h\u00e5llbar.","app_templates_modules_top_banner_pretitle":"Om Dania","app_templates_modules_top_banner_subtitle":"","app_templates_modules_top_banner_cta":{"value":"","url":"","anchor":"","blank":"0"},"app_templates_modules_top_banner_cta_secondary":{"value":"","url":"","anchor":"","blank":"0"},"app_templates_modules_top_banner_image":"314","app_templates_modules_top_banner_background_video":"","app_templates_modules_top_banner_video":"","app_templates_modules_top_banner_video_cta":"","app_templates_modules_top_banner_bg_position":"center","app_templates_modules_modules_modules":[{"_type":"intro_text","nav_id":"","subtitle":"","text":"<strong>Sedan 1938 har v\u00e5r flotta av lastbilar och t\u00e5g kopplat samman skandinaviska containerterminaler med slutdestinationer. Med precision. Med flexibilitet. Och med ansvar.<\/strong>\r\n\r\nNu, mer \u00e4n n\u00e5gonsin, beh\u00f6ver v\u00e4rlden att vi alla t\u00e4nker oss f\u00f6r \u2013 och t\u00e4nker fram\u00e5t.\r\nP\u00e5 Dania Connect navigerar vi d\u00e4rf\u00f6r enligt nio h\u00e5llbara v\u00e4rderingar och m\u00e5l.\r\n\r\nVi kallar detta \"v\u00e5ra nio omtankar\".\r\n\r\nDessa omtankar handlar om att minska koldioxidavtrycket via elektrifiering och optimering.\r\n\r\nDe handlar om s\u00e4kerhet, v\u00e4lbefinnande och b\u00e4sta m\u00f6jliga arbetsf\u00f6rh\u00e5llanden f\u00f6r alla v\u00e5ra f\u00f6rare.\r\n\r\nOch de handlar om anst\u00e4ndighet och att utveckla ansvarsfulla l\u00f6sningar i l\u00e5ngsiktiga relationer med kunder, leverant\u00f6rer och anst\u00e4llda.\r\n\r\nF\u00f6r p\u00e5 Dania Connect flyttar vi inte bara sj\u00f6container.\r\n\r\nVi vill ocks\u00e5 flytta standarderna f\u00f6r ansvarighet inom transportbranschen.\r\n\r\nVi k\u00f6r f\u00f6rst. Hela v\u00e4gen.\r\n\r\nDania Connect\r\nMoving goods. With care.","page_links":[],"disable_parallax":true},{"_type":"video_banner","nav_id":"","image":"","background_video":"381","video":"1235","video_cta":"Se profilvideo"},{"_type":"text_image","nav_id":"","layout":"full","background":"white","image_position":"order-lg-3","text_valign":"align-items-start","push_image":"push-down","image":"1221","title":"\u00c4garna av Dania Connect","subtitle":"","text":"Koncernchefen Frank Hjortek\u00e6r-Jensen (bild) \u00e4ger 50,1% av moderbolaget bakom Dania Group, medan resterande 49,9% \u00e4gs av den danska private equity-fonden Blue Equity. 2012 tog Frank \u00f6ver \u00e4gandet av Dania Connect A\/S (d\u00e5 Dania Trucking A\/S) fr\u00e5n A.P.M\u00f8ller \u2013 M\u00e6rsk-koncernen i ett management buyout, medan Blue Equity k\u00f6pte in sig i bolaget 2022. Dessutom har hela ledningen och majoriteten av de anst\u00e4llda har en \u00e4garandel i Dania Group.\r\n\r\nFrank har stor erfarenhet fr\u00e5n transportindustrin, precis som ledarskapsutbildningar fr\u00e5n sina \u00e5r p\u00e5 rederisidan. Detta lyser fortfarande igenom hela verksamheten. Inte minst n\u00e4r det kommer till aff\u00e4rsetik och omtanke.\r\n\r\n<a href=\"https:\/\/www.linkedin.com\/in\/frankkrusejensen\/\">Frank Hjortek\u00e6r-Jensen p\u00e5 LinkedIn<\/a>","button":{"value":"","url":"","anchor":"","blank":"0"},"no_space":true},{"_type":"grid","nav_id":"","background":"texture-light","button":{"value":"","url":"","anchor":"","blank":"0"},"title":"Fakta om Dania Connect","description":"  ","items":[{"_type":"_","label":"Antal anst\u00e4llda (2025)","link":{"value":"","url":"#","anchor":"179","blank":"0"},"heading":false},{"_type":"_","label":"Genomsnitts\u00e5lder (2025)","link":{"value":"","url":"#","anchor":"48 \u00e5r","blank":"0"},"heading":false},{"_type":"_","label":"Genomsnittlig anst\u00e4lld tj\u00e4nstg\u00f6ringstid (2025)","link":{"value":"","url":"#","anchor":"8 \u00e5r","blank":"0"},"heading":false},{"_type":"_","label":"Antal lastbilar (2025)","link":{"value":"","url":"#","anchor":"434 (inkl. egna lastbilar)","blank":"0"},"heading":false},{"_type":"_","label":"Antal chassin (2025)","link":{"value":"","url":"#","anchor":"1110","blank":"0"},"heading":false},{"_type":"_","label":"Antal t\u00e5gavg\u00e5ngar (2025)","link":{"value":"","url":"#","anchor":"25 per vecka","blank":"0"},"heading":false},{"_type":"_","label":"Kontor","link":{"value":"","url":"#","anchor":"\u00c5rhus (huvudkontor), Helsingborg, G\u00f6teborg och Stockholm","blank":"0"},"heading":false},{"_type":"_","label":"Kombiterminaler \/ dep\u00e5er","link":{"value":"","url":"#","anchor":"Helsingborg och Katrineholm","blank":"0"},"heading":false},{"_type":"_","label":"Platsareal","link":{"value":"","url":"#","anchor":"60.000 kvm","blank":"0"},"heading":false}]},{"_type":"timeline","nav_id":"","title":"En l\u00e5ng historia. Kort","events":[{"_type":"_","title":"1938","description":"Fraktagenturen Thor J\u00f8rgensen A\/S (TJ) grundas i K\u00f6penhamn."},{"_type":"_","title":"1965","description":"Som f\u00f6rsta byr\u00e5 i Danmark erbjuder TJ transporter fr\u00e5n hamn till d\u00f6rr."},{"_type":"_","title":"1976","description":"Dania Trucking A\/S blir ett eget bolag."},{"_type":"_","title":"1987","description":"A.P. M\u00f8ller - Maersk-gruppen tar \u00f6ver TJ och Dania Trucking A\/S."},{"_type":"_","title":"2007","description":"APMM:s inlandsverksamhet, inklusive Dania Trucking A\/S, separeras i en separat division och blir en del av APM Terminals."},{"_type":"_","title":"2012","description":"Ledningen f\u00f6r Dania Trucking A\/S tar \u00f6ver f\u00f6retaget i ett management buyout."},{"_type":"_","title":"2020","description":"Som en del av en uppdatering av f\u00f6retagets profil byter Dania Trucking A\/S namn till Dania Connect A\/S."},{"_type":"_","title":"2022","description":"Den danska kapitalfonden Blue Equity k\u00f6per 40 % av Dania Connect A\/S."},{"_type":"_","title":"2023","description":"Daniakoncernen k\u00f6per Sveriges st\u00f6rsta transport\u00f6r av fraktcontainrar, GDL Sj\u00f6container AB."}]}],"app_templates_privacy_policy_top_banner_title":"","app_templates_privacy_policy_top_banner_pretitle":"","app_templates_privacy_policy_top_banner_subtitle":"","app_templates_privacy_policy_top_banner_cta":{"value":"","url":"","anchor":"","blank":0},"app_templates_privacy_policy_top_banner_cta_secondary":{"value":"","url":"","anchor":"","blank":0},"app_templates_privacy_policy_top_banner_image":"","app_templates_privacy_policy_top_banner_background_video":"","app_templates_privacy_policy_top_banner_video":"","app_templates_privacy_policy_top_banner_video_cta":"","app_templates_privacy_policy_top_banner_bg_position":"center","_links":{"self":[{"href":"https:\/\/www.daniaconnect.dk\/sv\/wp-json\/wp\/v2\/pages\/901","targetHints":{"allow":["GET"]}}],"collection":[{"href":"https:\/\/www.daniaconnect.dk\/sv\/wp-json\/wp\/v2\/pages"}],"about":[{"href":"https:\/\/www.daniaconnect.dk\/sv\/wp-json\/wp\/v2\/types\/page"}],"author":[{"embeddable":true,"href":"https:\/\/www.daniaconnect.dk\/sv\/wp-json\/wp\/v2\/users\/2"}],"replies":[{"embeddable":true,"href":"https:\/\/www.daniaconnect.dk\/sv\/wp-json\/wp\/v2\/comments?post=901"}],"version-history":[{"count":26,"href":"https:\/\/www.daniaconnect.dk\/sv\/wp-json\/wp\/v2\/pages\/901\/revisions"}],"predecessor-version":[{"id":1514,"href":"https:\/\/www.daniaconnect.dk\/sv\/wp-json\/wp\/v2\/pages\/901\/revisions\/1514"}],"wp:attachment":[{"href":"https:\/\/www.daniaconnect.dk\/sv\/wp-json\/wp\/v2\/media?parent=901"}],"curies":[{"name":"wp","href":"https:\/\/api.w.org\/{rel}","templated":true}]}}