{"id":902,"date":"2020-03-06T11:22:23","date_gmt":"2020-03-06T10:22:23","guid":{"rendered":"https:\/\/www.daniaconnect.dk\/ansvarlighed\/"},"modified":"2026-03-12T08:25:18","modified_gmt":"2026-03-12T07:25:18","slug":"haallbarhet","status":"publish","type":"page","link":"https:\/\/www.daniaconnect.dk\/sv\/haallbarhet\/","title":{"rendered":"H\u00e5llbarhet"},"content":{"rendered":"","protected":false},"excerpt":{"rendered":"","protected":false},"author":2,"featured_media":0,"parent":0,"menu_order":0,"comment_status":"closed","ping_status":"closed","template":"views\/template-modules.blade.php","meta":{"_seopress_robots_primary_cat":"","_seopress_titles_title":"","_seopress_titles_desc":"","_seopress_robots_index":"","inline_featured_image":false,"footnotes":""},"class_list":["post-902","page","type-page","status-publish","hentry"],"app_templates_calculator_top_banner_title":"","app_templates_calculator_top_banner_pretitle":"","app_templates_calculator_top_banner_subtitle":"","app_templates_calculator_top_banner_cta":{"value":"","url":"","anchor":"","blank":0},"app_templates_calculator_top_banner_cta_secondary":{"value":"","url":"","anchor":"","blank":0},"app_templates_calculator_top_banner_image":"","app_templates_calculator_top_banner_background_video":"","app_templates_calculator_top_banner_video":"","app_templates_calculator_top_banner_video_cta":"","app_templates_calculator_top_banner_bg_position":"center","app_templates_calculator_guide_title":"","app_templates_calculator_guide_body":"","app_templates_contact_top_banner_title":"","app_templates_contact_top_banner_pretitle":"","app_templates_contact_top_banner_subtitle":"","app_templates_contact_top_banner_cta":{"value":"","url":"","anchor":"","blank":0},"app_templates_contact_top_banner_cta_secondary":{"value":"","url":"","anchor":"","blank":0},"app_templates_contact_top_banner_image":"","app_templates_contact_top_banner_background_video":"","app_templates_contact_top_banner_video":"","app_templates_contact_top_banner_video_cta":"","app_templates_contact_top_banner_bg_position":"center","app_templates_contact_tabs_show":false,"app_templates_contact_tabs_tabs":[],"app_templates_contact_modules_modules":[],"app_templates_contact_contact_info_html":"","app_templates_contact_contact_info_location":{"value":"40.346544,-101.645507","lat":40.346544,"lng":-101.645507,"zoom":10,"address":""},"app_templates_contact_contact_info_directions":"","app_templates_contact_contact_info_opening_hours":"","app_templates_contact_payment_info_bank":"","app_templates_contact_payment_info_payments":[],"app_templates_contact_job_info_title":"","app_templates_contact_job_info_text":"","app_templates_contact_job_info_text_secondary":"","app_templates_contact_contact_sections_sections":[],"app_templates_modules_top_banner_title":"N\u00e4r omtanke i r\u00e4tt tid m\u00f6ts p\u00e5 v\u00e4gen","app_templates_modules_top_banner_pretitle":"Ansvarighet","app_templates_modules_top_banner_subtitle":"","app_templates_modules_top_banner_cta":{"value":"","url":"","anchor":"","blank":"0"},"app_templates_modules_top_banner_cta_secondary":{"value":"","url":"","anchor":"","blank":"0"},"app_templates_modules_top_banner_image":"320","app_templates_modules_top_banner_background_video":"","app_templates_modules_top_banner_video":"","app_templates_modules_top_banner_video_cta":"","app_templates_modules_top_banner_bg_position":"center","app_templates_modules_modules_modules":[{"_type":"world_goals","nav_id":"","background":"texture-primary","button":{"value":"","url":"","anchor":"","blank":"0"},"title":"H\u00e5llbart **t\u00e4nkande**","description":"Mer \u00e4n n\u00e5gonsin beh\u00f6ver v\u00e4rlden att vi alla t\u00e4nker oss f\u00f6r. Och t\u00e4nker l\u00e5ngt. B\u00e5de som nationer, f\u00f6retag och privatpersoner.\r\n\r\nVissa val och handlingar s\u00e4tter st\u00f6rre sp\u00e5r \u00e4n andra och g\u00f6r det m\u00f6jligt att g\u00f6ra en m\u00e4rkbar skillnad. Idag, imorgon och i framtiden. D\u00e4rf\u00f6r utvecklar vi ansvar i det vi kallar \"De nio omtankarna\".","goals":[{"_type":"_","label":"Nr. 1","link":{"value":"","url":"#co2-avtryck","anchor":"CO\u2082-avtryck","blank":"0"},"icons":["857"]},{"_type":"_","label":"Nr. 2","link":{"value":"","url":"#tomk\u00f6rningar","anchor":"Tomk\u00f6rningar","blank":"0"},"icons":["857"]},{"_type":"_","label":"Nr. 3","link":{"value":"","url":"#gr\u00f6na-korridorer","anchor":"Gr\u00f6na korridorer","blank":"0"},"icons":["857"]},{"_type":"_","label":"Nr. 4","link":{"value":"","url":"#s\u00e4kerhet","anchor":"S\u00e4kerhet","blank":"0"},"icons":["858"]},{"_type":"_","label":"Nr. 5","link":{"value":"","url":"#arbetsf\u00f6rh\u00e5llanden-v\u00e4lbefinnande","anchor":"Arbetsf\u00f6rh\u00e5llanden och v\u00e4lbefinnande","blank":"0"},"icons":["858"]},{"_type":"_","label":"Nr. 6","link":{"value":"","url":"#ordning","anchor":"Ordning","blank":"0"},"icons":["858"]},{"_type":"_","label":"Nr. 7","link":{"value":"","url":"#teknologi","anchor":"Teknologi","blank":"0"},"icons":["857"]},{"_type":"_","label":"Nr. 8","link":{"value":"","url":"#service","anchor":"Service","blank":"0"},"icons":[]},{"_type":"_","label":"Nr. 9","link":{"value":"","url":"#relationer","anchor":"Relationer","blank":"0"},"icons":["860"]}]},{"_type":"info_box","nav_id":"co2-avtryck","image_position":"order-3","icon":"1283","background":"","pretitle":"Nr. 1 - CO2-avtryck","title":"Vi ska minska CO2 per k\u00f6rda kilometer med 50% \u00e5r 2030","subtitle":"","text":"En dag kommer alla v\u00e5ra lastbilar att vara CO2-neutrala. En dag \u2026\r\n\r\nCirka sex procent av Europas CO2-utsl\u00e4pp kommer fr\u00e5n tunga transporter.\r\nSom transportf\u00f6retag har vi d\u00e4rf\u00f6r ett stort ansvar att minska v\u00e5ra utsl\u00e4pp.\r\n\r\nV\u00e5rt m\u00e5l \u00e4r att minska v\u00e5rt CO2-avtryck med 50% per k\u00f6rda kilometer 2030 (j\u00e4mf\u00f6rt med 2020). Detta \u00e4r dock bara det f\u00f6rsta steget, eftersom hela v\u00e5r produktion m\u00e5ste vara CO2-neutral \u00e5r 2050.\r\n\r\nDe viktigaste l\u00f6sningarna \u00e4r ny teknik och alternativa br\u00e4nslen, d\u00e4rf\u00f6r \u00e4r vi fullt fokuserade p\u00e5 att ligga i framkant av gr\u00f6n teknik. Dania Connect har de f\u00f6rsta elektriska lastbilarna i drift och \u00e5r 2030 \u00e4r m\u00e5let att h\u00e4lften av v\u00e5r lastbilsflotta ska drivas av CO2-neutral teknik.\r\n\r\nDessutom anv\u00e4nder vi t\u00e5gtransporter d\u00e4r det \u00e4r m\u00f6jligt. P\u00e5 ett t\u00e5g kan man transportera mer gods med mindre br\u00e4nsle och vi f\u00f6redrar naturligtvis ocks\u00e5 t\u00e5g som g\u00e5r p\u00e5 el.\r\n\r\nCO2-reduktion kan ocks\u00e5 uppn\u00e5s genom f\u00f6r\u00e4ndrat beteende. Vi utbildar kontinuerligt v\u00e5ra f\u00f6rare att k\u00f6ra p\u00e5 det mest milj\u00f6v\u00e4nliga s\u00e4ttet och vi registrerar och m\u00e4ter resultaten via v\u00e5r vagnparkshantering.\r\n\r\nDen gr\u00f6na omst\u00e4llningen \u00e4r n\u00e5got vi samarbetar kring. Vi har en n\u00e4ra dialog med lastbilstillverkarna och leverant\u00f6rerna av gr\u00f6na l\u00f6sningar om nya m\u00f6jligheter och teknik, till exempel st\u00e5r vi tillsammans med Norlys bakom laddanl\u00e4ggningar f\u00f6r lastbilar som \u00e4r \u00f6ppna f\u00f6r alla. Vi finns \u00e4ven tillg\u00e4ngliga f\u00f6r att testa och testa ny teknik, till exempel har vi experimenterat med solceller p\u00e5 lastbilar."},{"_type":"info_box","nav_id":"tomk\u00f6rningar","image_position":"order-1","icon":"1304","background":"texture-primary","pretitle":"Nr. 2 - Tomk\u00f6rningar","title":"Vi kommer att minska transport av tomma fraktcontainrar med minst 30 000 containrar varje \u00e5r","subtitle":"","text":"En kilometer utan gods \u00e4r en kilometer utan mening.\r\n\r\nN\u00e4r en container har lossats hos en kund l\u00e4mnas den oftast tom tillbaka till hamnterminalen. Det sl\u00e4pps allts\u00e5 ut stora m\u00e4ngder CO2 vid transport av tom luft.\r\n\r\nL\u00f6sningen p\u00e5 problemet kallas returlastning. Det inneb\u00e4r att den tomma enheten anv\u00e4nds f\u00f6r att transportera varor motsatt v\u00e4g. Detta kr\u00e4ver dock en extremt effektiv logistik."},{"_type":"info_box","nav_id":"gr\u00f6na-korridorer","image_position":"order-3","icon":"1286","background":"","pretitle":"Nr. 3 - Gr\u00f6na korridorer","title":"Vi utvecklar rutter och l\u00f6sningar utan fossila br\u00e4nslen","subtitle":"","text":"Vi vill g\u00f6ra kartan gr\u00f6nare. Rutt f\u00f6r rutt.\r\n\r\nRedan nu \u00e4r det m\u00f6jligt att g\u00f6ra utvalda transporter fria fr\u00e5n fossila br\u00e4nslen och d\u00e4rmed sl\u00e4ppa ut mindre CO2. Till exempel genom att anv\u00e4nda eldrivna lastbilar eller kombinera transporter med elektriska t\u00e5g med lastbilar som g\u00e5r p\u00e5 certifierad gr\u00f6n el, biogas eller HVO-diesel.\r\n\r\nDania Connect vill flytta s\u00e5 mycket transporter som m\u00f6jligt fr\u00e5n fossila br\u00e4nslen till utsl\u00e4ppsfria br\u00e4nslen.\r\n\r\nDet jobbar vi med inom flera omr\u00e5den. V\u00e5r flotta ut\u00f6kas kontinuerligt med elfordon och vi har etablerat laddinfrastruktur som vi forts\u00e4tter att ut\u00f6ka i b\u00e5de Danmark och Sverige. P\u00e5 s\u00e5 s\u00e4tt skapar vi till en b\u00f6rjan ett antal gr\u00f6na korridorer p\u00e5 kartan, d\u00e4r transporter sker utan fossila br\u00e4nslen. P\u00e5 l\u00e4ngre sikt ska hela kartan t\u00e4ckas av utsl\u00e4ppsfri k\u00f6rning.\r\n\r\nI samarbete med v\u00e5ra kunder skapar vi transportl\u00f6sningar som \u00e4r helt fria fr\u00e5n fossila br\u00e4nslen d\u00e4r det \u00e4r m\u00f6jligt och vi erbjuder avtal som bygger p\u00e5 transporter som utf\u00f6rs med elbilar."},{"_type":"info_box","nav_id":"s\u00e4kerhet","image_position":"order-1","icon":"1298","background":"texture-primary","pretitle":"Nr. 4 - S\u00e4kerhet","title":"Vi arbetar f\u00f6r att eliminera olyckor. F\u00f6r anst\u00e4llda, \u00e5kerier och omgivning","subtitle":"","text":"S\u00e4kerheten f\u00f6rst. Och sist. Och d\u00e4remellan.\r\n\r\nV\u00e5ra lastbilar kan v\u00e4ga upp till 64 ton med sl\u00e4p och container. N\u00e4r det g\u00e4ller trafiks\u00e4kerhet och s\u00e4kerhet i samband med lastning och lossning \u00e4r vi d\u00e4rf\u00f6r kompromissl\u00f6sa.\r\n\r\nF\u00f6r att helt eliminera olyckor utbildar vi kontinuerligt v\u00e5ra f\u00f6rare. Samtidigt bygger vi genom st\u00e4ndigt fokus p\u00e5 omr\u00e5det ett gemensamt tankes\u00e4tt, d\u00e4r varje handling och varje val utg\u00e5r fr\u00e5n mantrat \"s\u00e4kerhet f\u00f6rst, sist och d\u00e4remellan\"."},{"_type":"info_box","nav_id":"arbetsf\u00f6rh\u00e5llanden-v\u00e4lbefinnande","image_position":"order-3","icon":"1280","background":"","pretitle":"Nr. 5 - Arbetsf\u00f6rh\u00e5llanden och v\u00e4lbefinnande","title":"Vi s\u00e4kerst\u00e4ller goda arbetsf\u00f6rh\u00e5llanden och trivsel bland medarbetarna","subtitle":"","text":"Vi m\u00e4ter n\u00e5gra resultat i leenden.\r\n\r\nSom f\u00f6retag har vi ett ansvar f\u00f6r de m\u00e4nniskor som tillbringar n\u00e4stan h\u00e4lften av sin vakna tid i f\u00f6retagets tj\u00e4nst. D\u00e4rf\u00f6r s\u00e4kerst\u00e4ller vi bra arbetsf\u00f6rh\u00e5llanden och ett h\u00f6gt v\u00e4lbefinnande bland v\u00e5ra medarbetare. B\u00e5de de bakom ratten och de bakom skrivbordet.\r\n\r\nEtt av verktygen f\u00f6r att arbeta med arbetsgl\u00e4dje \u00e4r t\u00e4ta 1:1-samtal med n\u00e4rmaste chef. Samtidigt har vi mer formella \u00e5rliga utvecklingssamtal och en trivselunders\u00f6kning bland medarbetare varje kvartal.\r\n\r\nV\u00e5ra medarbetare har tillg\u00e5ng till bland annat fystr\u00e4ning och sjukgymnast.\r\n\r\nP\u00e5 Dania Connect l\u00e4gger vi ocks\u00e5 stor vikt vid att alla f\u00f6rare \u00e4r anst\u00e4llda under g\u00e4llande kollektivavtal."},{"_type":"info_box","nav_id":"ordning","image_position":"order-1","icon":"1289","background":"texture-primary","pretitle":"Nr. 6 - Ordning","title":"Vi \u00e4r engagerade i noggrannhet och tillf\u00f6rlitlighet i allt vi g\u00f6r","subtitle":"","text":"Vi kan se oss sj\u00e4lva i \u00f6gonen.\r\n\r\nDania Connect agerar i enlighet med de h\u00f6gsta standarderna f\u00f6r etik, integritet och beteende n\u00e4r vi samarbetar med kunder, anst\u00e4llda och andra partners.\r\n\r\nN\u00e5gra konkreta exempel: Alla v\u00e5ra transporter uppfyller lagkrav p\u00e5 viktm\u00e5tt. V\u00e5ra chauff\u00f6rer och \u00e5kerier har arbetstillst\u00e5nd och bos\u00e4ttning i det land d\u00e4r de \u00e4r anst\u00e4llda. Dania Connect har inga fall av brott mot cabotagelagstiftningen eller brott mot reglerna om ers\u00e4ttning till f\u00f6rare enligt lagstadgat kollektivavtal. Och s\u00e5 forts\u00e4tter det att vara.\r\n\r\nVi vill s\u00e4tta en ny standard f\u00f6r ansvar inom transportbranschen \u2013 f\u00f6r \u00e4rligt talat beh\u00f6ver v\u00e5r bransch det. En av v\u00e5ra passioner \u00e4r att bek\u00e4mpa social dumpning genom att s\u00e4kerst\u00e4lla ordentliga l\u00f6ner och bra arbetsvillkor b\u00e5de f\u00f6r v\u00e5ra egna f\u00f6rare och f\u00f6r de \u00e5kerier vi samarbetar med. Det \u00e4r v\u00e4rt priset att v\u00e5ra kunder kan vara s\u00e4kra p\u00e5 att deras varor levereras under ordnade f\u00f6rh\u00e5llanden. Hela v\u00e4gen."},{"_type":"info_box","nav_id":"teknologi","image_position":"order-3","icon":"1301","background":"","pretitle":"Nr. 7 - Teknologi","title":"Vi vill ligga i framkant av digitaliseringen","subtitle":"","text":"IT g\u00f6r oss gr\u00f6nare och smartare.\r\n\r\nTransportbranschen kan f\u00e5 en del av sin CO2-reduktion genom att s\u00e4kerst\u00e4lla den mest optimala k\u00f6rningen med kortast m\u00f6jliga v\u00e4gar och minsta m\u00f6jliga tomma resor.\r\n\r\nTekniken kan hj\u00e4lpa oss med det, d\u00e4rf\u00f6r \u00e4r IT-systemen p\u00e5 Dania Connect alltid ledande.\r\n\r\nNy teknik \u2013 och inklusive artificiell intelligens \u2013 kan hj\u00e4lpa v\u00e5ra duktiga medarbetare att till exempel fastst\u00e4lla de mest optimala v\u00e4garna och \u00f6ka antalet importcontainrar f\u00f6r export. Detta ger b\u00e4ttre resursutnyttjande och en b\u00e4ttre upplevelse f\u00f6r v\u00e5ra kunder.\r\n\r\nR\u00e4tt digitala l\u00f6sningar g\u00f6r ocks\u00e5 livet i lastbilen l\u00e4ttare f\u00f6r on\u00f6digt pappersarbete och invecklade arbetsfl\u00f6den."},{"_type":"info_box","nav_id":"service","image_position":"order-1","icon":"1295","background":"texture-primary","pretitle":"Nr. 8 - Service","title":"Vi vill \u00f6vertr\u00e4ffa f\u00f6rv\u00e4ntningarna","subtitle":"","text":"Positiva \u00f6verraskningar sprider energi.\r\n\r\nInget f\u00f6retag \u00e4r det andra likt och v\u00e5ra kunder har olika behov och \u00f6nskem\u00e5l. Det \u00e4r viktigt f\u00f6r oss att alla kunder upplever en exceptionellt bra service varje g\u00e5ng de anv\u00e4nder Dania Connect.\r\n\r\nF\u00f6r att tillgodose alla erbjuder vi individuella transportl\u00f6sningar som s\u00e4tts ihop och anpassas efter den enskilda kunden.\r\n\r\nVi har kundtj\u00e4nst och transportledare tillg\u00e4ngliga st\u00f6rre delen av dagen f\u00f6r att hantera ert behov, ge uppdateringar och l\u00f6sa utmaningar s\u00e5 snabbt som m\u00f6jligt. Det g\u00f6r att vi \u00e4r flexibla och ofta kan \u00f6vertr\u00e4ffa f\u00f6rv\u00e4ntningarna."},{"_type":"info_box","nav_id":"relationer","image_position":"order-3","icon":"1292","background":"","pretitle":"Nr. 9 - Relationer","title":"Vi odlar n\u00e4ra och l\u00e5ngvariga relationer","subtitle":"","text":"Ett gott samarbete bygger p\u00e5 \u00f6msesidig respekt.\r\n\r\nDe b\u00e4sta id\u00e9erna, f\u00f6r\u00e4ndringarna och utvecklingen sker oftast n\u00e4r flera parter delar kunskap och har ett n\u00e4ra samarbete.\r\n\r\nD\u00e4rf\u00f6r \u00e4r vi m\u00e5na om att odla ett n\u00e4ra samarbete och l\u00e5ngsiktiga relationer, b\u00e5de med v\u00e5ra kunder, med v\u00e5ra aff\u00e4rspartners och med v\u00e5ra medarbetare.\r\n\r\nVi tr\u00e4ffar kunderna p\u00e5 regelbundna statusm\u00f6ten, d\u00e4r vi pratar om samarbetet, l\u00f6sningarna och nya m\u00f6jligheter och behov. Starka relationer st\u00e4rker samarbete och god dialog, b\u00e5de n\u00e4r allt g\u00e5r enligt plan, men ocks\u00e5 n\u00e4r det dyker upp utmaningar som vi m\u00e5ste l\u00f6sa tillsammans."}],"app_templates_privacy_policy_top_banner_title":"","app_templates_privacy_policy_top_banner_pretitle":"","app_templates_privacy_policy_top_banner_subtitle":"","app_templates_privacy_policy_top_banner_cta":{"value":"","url":"","anchor":"","blank":0},"app_templates_privacy_policy_top_banner_cta_secondary":{"value":"","url":"","anchor":"","blank":0},"app_templates_privacy_policy_top_banner_image":"","app_templates_privacy_policy_top_banner_background_video":"","app_templates_privacy_policy_top_banner_video":"","app_templates_privacy_policy_top_banner_video_cta":"","app_templates_privacy_policy_top_banner_bg_position":"center","_links":{"self":[{"href":"https:\/\/www.daniaconnect.dk\/sv\/wp-json\/wp\/v2\/pages\/902","targetHints":{"allow":["GET"]}}],"collection":[{"href":"https:\/\/www.daniaconnect.dk\/sv\/wp-json\/wp\/v2\/pages"}],"about":[{"href":"https:\/\/www.daniaconnect.dk\/sv\/wp-json\/wp\/v2\/types\/page"}],"author":[{"embeddable":true,"href":"https:\/\/www.daniaconnect.dk\/sv\/wp-json\/wp\/v2\/users\/2"}],"replies":[{"embeddable":true,"href":"https:\/\/www.daniaconnect.dk\/sv\/wp-json\/wp\/v2\/comments?post=902"}],"version-history":[{"count":57,"href":"https:\/\/www.daniaconnect.dk\/sv\/wp-json\/wp\/v2\/pages\/902\/revisions"}],"predecessor-version":[{"id":1524,"href":"https:\/\/www.daniaconnect.dk\/sv\/wp-json\/wp\/v2\/pages\/902\/revisions\/1524"}],"wp:attachment":[{"href":"https:\/\/www.daniaconnect.dk\/sv\/wp-json\/wp\/v2\/media?parent=902"}],"curies":[{"name":"wp","href":"https:\/\/api.w.org\/{rel}","templated":true}]}}