{"id":903,"date":"2020-03-06T10:03:20","date_gmt":"2020-03-06T10:03:20","guid":{"rendered":"https:\/\/www.daniaconnect.dk\/forside\/"},"modified":"2025-08-21T08:40:57","modified_gmt":"2025-08-21T06:40:57","slug":"forside","status":"publish","type":"page","link":"https:\/\/www.daniaconnect.dk\/sv\/","title":{"rendered":"Startsida"},"content":{"rendered":"","protected":false},"excerpt":{"rendered":"","protected":false},"author":2,"featured_media":0,"parent":0,"menu_order":0,"comment_status":"closed","ping_status":"closed","template":"views\/template-modules.blade.php","meta":{"_seopress_robots_primary_cat":"","_seopress_titles_title":"","_seopress_titles_desc":"","_seopress_robots_index":"","inline_featured_image":false,"footnotes":""},"class_list":["post-903","page","type-page","status-publish","hentry"],"app_templates_calculator_top_banner_title":"","app_templates_calculator_top_banner_pretitle":"","app_templates_calculator_top_banner_subtitle":"","app_templates_calculator_top_banner_cta":{"value":"","url":"","anchor":"","blank":0},"app_templates_calculator_top_banner_cta_secondary":{"value":"","url":"","anchor":"","blank":0},"app_templates_calculator_top_banner_image":"","app_templates_calculator_top_banner_background_video":"","app_templates_calculator_top_banner_video":"","app_templates_calculator_top_banner_video_cta":"","app_templates_calculator_top_banner_bg_position":"center","app_templates_calculator_guide_title":"","app_templates_calculator_guide_body":"","app_templates_contact_top_banner_title":"","app_templates_contact_top_banner_pretitle":"","app_templates_contact_top_banner_subtitle":"","app_templates_contact_top_banner_cta":{"value":"","url":"","anchor":"","blank":0},"app_templates_contact_top_banner_cta_secondary":{"value":"","url":"","anchor":"","blank":0},"app_templates_contact_top_banner_image":"","app_templates_contact_top_banner_background_video":"","app_templates_contact_top_banner_video":"","app_templates_contact_top_banner_video_cta":"","app_templates_contact_top_banner_bg_position":"center","app_templates_contact_tabs_show":false,"app_templates_contact_tabs_tabs":[],"app_templates_contact_modules_modules":[],"app_templates_contact_contact_info_html":"","app_templates_contact_contact_info_location":{"value":"40.346544,-101.645507","lat":40.346544,"lng":-101.645507,"zoom":10,"address":""},"app_templates_contact_contact_info_directions":"","app_templates_contact_contact_info_opening_hours":"","app_templates_contact_payment_info_bank":"","app_templates_contact_payment_info_payments":[],"app_templates_contact_job_info_title":"","app_templates_contact_job_info_text":"","app_templates_contact_job_info_text_secondary":"","app_templates_contact_contact_sections_sections":[],"app_templates_modules_top_banner_title":"**Moving goods.** With care","app_templates_modules_top_banner_pretitle":"","app_templates_modules_top_banner_subtitle":"Hos Dania Connect g\u00f6r vi v\u00e4rlden mindre, v\u00e4gen kortare och transporten av sj\u00f6container mer h\u00e5llbar.","app_templates_modules_top_banner_cta":{"value":"","url":"https:\/\/id.hogia.se\/#\/","anchor":"Boka \/ Prisf\u00f6rfr\u00e5gan","blank":"1"},"app_templates_modules_top_banner_cta_secondary":{"value":"","url":"https:\/\/www.daniaconnectkund.se","anchor":"Track & Trace","blank":"1"},"app_templates_modules_top_banner_image":"","app_templates_modules_top_banner_background_video":"381","app_templates_modules_top_banner_video":"1341","app_templates_modules_top_banner_video_cta":"Titta p\u00e5 filmen","app_templates_modules_top_banner_bg_position":"center","app_templates_modules_modules_modules":[{"_type":"text_image","nav_id":"","layout":"full","background":"texture-primary","image_position":"order-1","text_valign":"align-items-start","push_image":"push-down","image":"828","title":"","subtitle":"Sedan 1938 har Dania Connects flotta av lastbilar och t\u00e5g kopplat samman skandinaviska containerterminaler med slutdestinationer. Med precision. Med flexibilitet. Och med ansvar.","text":"Idag hanteras och transporteras varje container med precision \u2013 och med dokumenterat ansvar i f\u00f6rh\u00e5llande till klimat, milj\u00f6, s\u00e4kerhet och arbetsf\u00f6rh\u00e5llanden.","button":{"value":"","url":"","anchor":"","blank":"0"},"no_space":false},{"_type":"grid","nav_id":"","background":"white","button":{"value":"","url":"\/sv\/ansvarlighed\/","anchor":"L\u00e4s mer","blank":"0"},"title":"V\u00e5ra nio omtankar","description":"P\u00e5 Dania Connect fokuserar vi p\u00e5 nio omr\u00e5den d\u00e4r vi kan g\u00f6ra en m\u00e4rkbar skillnad. Vi kallar det \"V\u00e5ra nio omtankar\".","items":[{"_type":"_","label":"Nr. 1","link":{"value":"","url":"\/sv\/ansvarlighed\/#co2-aftryk#co2-aftryk","anchor":"CO\u2082-avtryck","blank":"0"},"heading":false},{"_type":"_","label":"Nr. 2","link":{"value":"","url":"\/sv\/haallbarhet\/#tomk%C3%B6rningar","anchor":"Tomk\u00f6rningar","blank":"0"},"heading":false},{"_type":"_","label":"Nr. 3","link":{"value":"","url":"\/sv\/haallbarhet\/#gr%C3%B6na-korridorer","anchor":"Gr\u00f6na korridorer","blank":"0"},"heading":false},{"_type":"_","label":"Nr. 4","link":{"value":"","url":"\/sv\/haallbarhet\/#s%C3%A4kerhet","anchor":"S\u00e4kerhet","blank":"0"},"heading":false},{"_type":"_","label":"Nr. 5","link":{"value":"","url":"\/sv\/haallbarhet\/#arbetsf%C3%B6rh%C3%A5llanden-v%C3%A4lbefinnande","anchor":"Arbetsf\u00f6rh\u00e5llanden och v\u00e4lbefinnande","blank":"0"},"heading":false},{"_type":"_","label":"Nr. 6","link":{"value":"","url":"\/sv\/haallbarhet\/#ordning","anchor":"Ordning","blank":"0"},"heading":false},{"_type":"_","label":"Nr. 7","link":{"value":"","url":"\/sv\/haallbarhet\/#teknologi","anchor":"Teknologi","blank":"0"},"heading":false},{"_type":"_","label":"Nr. 8","link":{"value":"","url":"\/sv\/haallbarhet\/#service","anchor":"Service","blank":"0"},"heading":false},{"_type":"_","label":"Nr. 9","link":{"value":"","url":"\/sv\/haallbarhet\/#relationer","anchor":"Relationer","blank":"0"},"heading":false}]},{"_type":"banner","nav_id":"","title":"Containertransport. **I tid**","image":"316","text":"Oavsett vilken typ av enhet du beh\u00f6ver transportera till eller fr\u00e5n en skandinavisk containerhamn, har Dania Connect den optimala kombinationen av t\u00e5g och dragbil. Samtidigt \u00e4r du s\u00e4ker p\u00e5 att din transport utf\u00f6rs lagligt. Och i tid.","button":{"value":"","url":"\/sv\/services\/","anchor":"L\u00e4s mer","blank":"0"}},{"_type":"grid","nav_id":"","background":"texture-light","button":{"value":"","url":"\/sv\/kontakt\/","anchor":"Alla kontakter","blank":"0"},"title":"De viktigaste kontakterna","description":"","items":[{"_type":"_","label":"Sales","link":{"value":"","url":"mailto:sales@daniaconnect.se","anchor":"sales@daniaconnect.se","blank":"0"},"heading":false},{"_type":"_","label":"Ekonomi \/ admin","link":{"value":"","url":"tel:+46 31 375 77 06","anchor":"Tlf. +46 31 375 77 06","blank":"0"},"heading":false},{"_type":"_","label":"Rail","link":{"value":"","url":"tel:+46 31 375 77 05","anchor":"Tlf. +46 31 375 77 05","blank":"0"},"heading":false},{"_type":"_","label":"Chassi G\u00f6teborg","link":{"value":"","url":"tel:+46 31 375 77 02","anchor":"Tlf. +46 31 375 77 02","blank":"0"},"heading":false},{"_type":"_","label":"Lokalt G\u00f6teborg","link":{"value":"","url":"tel:+46 31 375 77 04","anchor":"Tlf. +46 31 375 77 04","blank":"0"},"heading":false},{"_type":"_","label":"Sima G\u00f6teborg","link":{"value":"","url":"tel:+46 31 375 77 04","anchor":"Tlf. +46 31 375 77 04","blank":"0"},"heading":false},{"_type":"_","label":"Chassi Helsingborg","link":{"value":"","url":"tel:+46 42 600 22 14","anchor":"Tlf. +46 42 600 22 14","blank":"0"},"heading":false},{"_type":"_","label":"Sima Helsingborg","link":{"value":"","url":"tel:+46 42 600 22 15","anchor":"Tlf. +46 42 600 22 15","blank":"0"},"heading":false},{"_type":"_","label":"Tank","link":{"value":"","url":"tel:+46 42 600 22 16","anchor":"Tlf. +46 42 600 22 16","blank":"0"},"heading":false},{"_type":"_","label":"Chassi \/ Sima Stockholm & Norrk\u00f6ping","link":{"value":"","url":"tel:+46 8 449 55 30","anchor":"Tlf. +46 8 449 55 30","blank":"0"},"heading":false},{"_type":"_","label":"Helsingbors kombiterminal","link":{"value":"","url":"tel:+46 42-600 22 27","anchor":"Tlf. +46 42-600 22 27","blank":"0"},"heading":false},{"_type":"_","label":"Katrineholms kombiterminal","link":{"value":"","url":"tel:+46 150-36 35 77","anchor":"Tlf. +46 150-36 35 77","blank":"0"},"heading":false}]}],"app_templates_privacy_policy_top_banner_title":"","app_templates_privacy_policy_top_banner_pretitle":"","app_templates_privacy_policy_top_banner_subtitle":"","app_templates_privacy_policy_top_banner_cta":{"value":"","url":"","anchor":"","blank":0},"app_templates_privacy_policy_top_banner_cta_secondary":{"value":"","url":"","anchor":"","blank":0},"app_templates_privacy_policy_top_banner_image":"","app_templates_privacy_policy_top_banner_background_video":"","app_templates_privacy_policy_top_banner_video":"","app_templates_privacy_policy_top_banner_video_cta":"","app_templates_privacy_policy_top_banner_bg_position":"center","_links":{"self":[{"href":"https:\/\/www.daniaconnect.dk\/sv\/wp-json\/wp\/v2\/pages\/903","targetHints":{"allow":["GET"]}}],"collection":[{"href":"https:\/\/www.daniaconnect.dk\/sv\/wp-json\/wp\/v2\/pages"}],"about":[{"href":"https:\/\/www.daniaconnect.dk\/sv\/wp-json\/wp\/v2\/types\/page"}],"author":[{"embeddable":true,"href":"https:\/\/www.daniaconnect.dk\/sv\/wp-json\/wp\/v2\/users\/2"}],"replies":[{"embeddable":true,"href":"https:\/\/www.daniaconnect.dk\/sv\/wp-json\/wp\/v2\/comments?post=903"}],"version-history":[{"count":55,"href":"https:\/\/www.daniaconnect.dk\/sv\/wp-json\/wp\/v2\/pages\/903\/revisions"}],"predecessor-version":[{"id":1475,"href":"https:\/\/www.daniaconnect.dk\/sv\/wp-json\/wp\/v2\/pages\/903\/revisions\/1475"}],"wp:attachment":[{"href":"https:\/\/www.daniaconnect.dk\/sv\/wp-json\/wp\/v2\/media?parent=903"}],"curies":[{"name":"wp","href":"https:\/\/api.w.org\/{rel}","templated":true}]}}